{"id":694,"date":"2024-09-05T20:20:15","date_gmt":"2024-09-05T20:20:15","guid":{"rendered":"https:\/\/www.simplante.fr\/?page_id=694"},"modified":"2025-09-08T08:59:44","modified_gmt":"2025-09-08T08:59:44","slug":"mentions-legales","status":"publish","type":"page","link":"https:\/\/www.simplante.fr\/en\/mentions-legales\/","title":{"rendered":"Mentions l\u00e9gales"},"content":{"rendered":"<div data-elementor-type=\"wp-page\" data-elementor-id=\"694\" class=\"elementor elementor-694\" data-elementor-post-type=\"page\">\n\t\t\t\t\t\t<section class=\"elementor-section elementor-top-section elementor-element elementor-element-4a70bab9 elementor-section-height-min-height elementor-section-boxed elementor-section-height-default elementor-section-items-middle\" data-id=\"4a70bab9\" data-element_type=\"section\" data-e-type=\"section\" data-settings=\"{&quot;background_background&quot;:&quot;classic&quot;}\">\n\t\t\t\t\t\t\t<div class=\"elementor-background-overlay\"><\/div>\n\t\t\t\t\t\t\t<div class=\"elementor-container elementor-column-gap-default\">\n\t\t\t\t\t<div class=\"elementor-column elementor-col-100 elementor-top-column elementor-element elementor-element-5bddae47\" data-id=\"5bddae47\" data-element_type=\"column\" data-e-type=\"column\">\n\t\t\t<div class=\"elementor-widget-wrap elementor-element-populated\">\n\t\t\t\t\t\t<div class=\"elementor-element elementor-element-368431d8 elementor-invisible elementor-widget elementor-widget-heading\" data-id=\"368431d8\" data-element_type=\"widget\" data-e-type=\"widget\" data-settings=\"{&quot;_animation&quot;:&quot;fadeIn&quot;}\" data-widget_type=\"heading.default\">\n\t\t\t\t<div class=\"elementor-widget-container\">\n\t\t\t\t\t<h2 class=\"elementor-heading-title elementor-size-default\">Mentions l\u00e9gales<\/h2>\t\t\t\t<\/div>\n\t\t\t\t<\/div>\n\t\t\t\t\t<\/div>\n\t\t<\/div>\n\t\t\t\t\t<\/div>\n\t\t<\/section>\n\t\t<div class=\"elementor-element elementor-element-998cc16 e-flex e-con-boxed e-con e-parent\" data-id=\"998cc16\" data-element_type=\"container\" data-e-type=\"container\">\n\t\t\t\t\t<div class=\"e-con-inner\">\n\t\t\t\t<div class=\"elementor-element elementor-element-de5a2e7 elementor-widget elementor-widget-heading\" data-id=\"de5a2e7\" data-element_type=\"widget\" data-e-type=\"widget\" data-widget_type=\"heading.default\">\n\t\t\t\t<div class=\"elementor-widget-container\">\n\t\t\t\t\t<h2 class=\"elementor-heading-title elementor-size-default\">1. \u00c9diteur du site<\/h2>\t\t\t\t<\/div>\n\t\t\t\t<\/div>\n\t\t\t\t<div class=\"elementor-element elementor-element-b59fa75 elementor-widget elementor-widget-text-editor\" data-id=\"b59fa75\" data-element_type=\"widget\" data-e-type=\"widget\" data-widget_type=\"text-editor.default\">\n\t\t\t\t<div class=\"elementor-widget-container\">\n\t\t\t\t\t\t\t\t\t<p><span style=\"color: #000000;\">Nom du site : www.simplante.fr<\/span><\/p><p><span style=\"color: #000000;\">Responsable de publication : Tiphaine Morillon<\/span><\/p><p><span style=\"color: #000000;\">T\u00e9l\u00e9phone : 07 45 15 98 55<\/span><\/p><p><span style=\"color: #000000;\">Email : t.morillon@simplante.fr<\/span><\/p><p><span style=\"color: #000000;\">Num\u00e9ro de SIRET :940 673 049 00018\u00a0<\/span><\/p><p><span style=\"color: #000000;\">Adresse commerciale : <a style=\"color: #000000; text-decoration: underline;\" tabindex=\"0\" href=\"https:\/\/www.google.com\/maps\/place\/\/data=!4m2!3m1!1s0x48087f001ce4bbb7:0xe1a7327179146682?sa=X&amp;ved=1t:8290&amp;ictx=111\" data-url=\"\/maps\/place\/\/data=!4m2!3m1!1s0x48087f001ce4bbb7:0xe1a7327179146682?sa=X&amp;ved=2ahUKEwjbgq-r5siPAxVnKvsDHRluLPIQ4kB6BAgLEAA\">1 All. du 9 Novembre 1989, 49240 Avrill\u00e9<\/a><\/span><\/p>\t\t\t\t\t\t\t\t<\/div>\n\t\t\t\t<\/div>\n\t\t\t\t\t<\/div>\n\t\t\t\t<\/div>\n\t\t<div class=\"elementor-element elementor-element-a13be47 e-flex e-con-boxed e-con e-parent\" data-id=\"a13be47\" data-element_type=\"container\" data-e-type=\"container\">\n\t\t\t\t\t<div class=\"e-con-inner\">\n\t\t\t\t<div class=\"elementor-element elementor-element-0bedab1 elementor-widget elementor-widget-heading\" data-id=\"0bedab1\" data-element_type=\"widget\" data-e-type=\"widget\" data-widget_type=\"heading.default\">\n\t\t\t\t<div class=\"elementor-widget-container\">\n\t\t\t\t\t<h2 class=\"elementor-heading-title elementor-size-default\">2. H\u00e9bergement<\/h2>\t\t\t\t<\/div>\n\t\t\t\t<\/div>\n\t\t\t\t<div class=\"elementor-element elementor-element-e05dfc9 elementor-widget elementor-widget-text-editor\" data-id=\"e05dfc9\" data-element_type=\"widget\" data-e-type=\"widget\" data-widget_type=\"text-editor.default\">\n\t\t\t\t<div class=\"elementor-widget-container\">\n\t\t\t\t\t\t\t\t\t<p><span style=\"color: #000000;\">H\u00e9bergeur : O2swtich<\/span><\/p><p><span style=\"color: #000000;\">Adresse de l\u2019h\u00e9bergeur : Chemin des Pardiaux, 63000 Clermont-Ferrand<\/span><\/p><p><span style=\"color: #000000;\">T\u00e9l\u00e9phone de l\u2019h\u00e9bergeur : 04 44 44 60 40<\/span><\/p>\t\t\t\t\t\t\t\t<\/div>\n\t\t\t\t<\/div>\n\t\t\t\t\t<\/div>\n\t\t\t\t<\/div>\n\t\t<div class=\"elementor-element elementor-element-ac54a09 e-flex e-con-boxed e-con e-parent\" data-id=\"ac54a09\" data-element_type=\"container\" data-e-type=\"container\">\n\t\t\t\t\t<div class=\"e-con-inner\">\n\t\t\t\t<div class=\"elementor-element elementor-element-ab2d040 elementor-widget elementor-widget-heading\" data-id=\"ab2d040\" data-element_type=\"widget\" data-e-type=\"widget\" data-widget_type=\"heading.default\">\n\t\t\t\t<div class=\"elementor-widget-container\">\n\t\t\t\t\t<h2 class=\"elementor-heading-title elementor-size-default\">3. Propri\u00e9t\u00e9 intellectuelle<\/h2>\t\t\t\t<\/div>\n\t\t\t\t<\/div>\n\t\t\t\t<div class=\"elementor-element elementor-element-83e7190 elementor-widget elementor-widget-text-editor\" data-id=\"83e7190\" data-element_type=\"widget\" data-e-type=\"widget\" data-widget_type=\"text-editor.default\">\n\t\t\t\t<div class=\"elementor-widget-container\">\n\t\t\t\t\t\t\t\t\t<p><span style=\"color: #000000;\">Le site www.simplante.fr et son contenu sont prot\u00e9g\u00e9s par les lois en vigueur sur la propri\u00e9t\u00e9 intellectuelle et le droit d&rsquo;auteur.<\/span><\/p><p><span style=\"color: #000000;\">Cr\u00e9dits photos : Les photographies pr\u00e9sentes sur ce site sont l&rsquo;\u0153uvre de Tiphaine Morillon et Thomas Bonnet (notifi\u00e9 d&rsquo;un pictogramme), et sont prot\u00e9g\u00e9es par le droit d&rsquo;auteur. Toute utilisation des images, sans l&rsquo;autorisation pr\u00e9alable des photographes, est strictement interdite.<\/span><\/p>\t\t\t\t\t\t\t\t<\/div>\n\t\t\t\t<\/div>\n\t\t\t\t\t<\/div>\n\t\t\t\t<\/div>\n\t\t<div class=\"elementor-element elementor-element-95ac5a4 e-flex e-con-boxed e-con e-parent\" data-id=\"95ac5a4\" data-element_type=\"container\" data-e-type=\"container\">\n\t\t\t\t\t<div class=\"e-con-inner\">\n\t\t\t\t<div class=\"elementor-element elementor-element-e220e34 elementor-widget elementor-widget-heading\" data-id=\"e220e34\" data-element_type=\"widget\" data-e-type=\"widget\" data-widget_type=\"heading.default\">\n\t\t\t\t<div class=\"elementor-widget-container\">\n\t\t\t\t\t<h2 class=\"elementor-heading-title elementor-size-default\">4. Donn\u00e9es personnelles<\/h2>\t\t\t\t<\/div>\n\t\t\t\t<\/div>\n\t\t\t\t<div class=\"elementor-element elementor-element-a64b29a elementor-widget elementor-widget-text-editor\" data-id=\"a64b29a\" data-element_type=\"widget\" data-e-type=\"widget\" data-widget_type=\"text-editor.default\">\n\t\t\t\t<div class=\"elementor-widget-container\">\n\t\t\t\t\t\t\t\t\t<p><span style=\"color: #000000;\">Conform\u00e9ment \u00e0 la loi \u00ab\u00a0Informatique et Libert\u00e9s\u00a0\u00bb du 6 janvier 1978 modifi\u00e9e et au R\u00e8glement G\u00e9n\u00e9ral sur la Protection des Donn\u00e9es (RGPD), vous disposez d&rsquo;un droit d&rsquo;acc\u00e8s, de rectification, de suppression et d&rsquo;opposition aux donn\u00e9es personnelles vous concernant. Pour exercer ce droit, vous pouvez nous contacter \u00e0 l&rsquo;adresse suivante : t.morillon@simplante.fr.<\/span><\/p>\t\t\t\t\t\t\t\t<\/div>\n\t\t\t\t<\/div>\n\t\t\t\t\t<\/div>\n\t\t\t\t<\/div>\n\t\t<div class=\"elementor-element elementor-element-a2ce1ee e-flex e-con-boxed e-con e-parent\" data-id=\"a2ce1ee\" data-element_type=\"container\" data-e-type=\"container\">\n\t\t\t\t\t<div class=\"e-con-inner\">\n\t\t\t\t<div class=\"elementor-element elementor-element-7ea82f5 elementor-widget elementor-widget-heading\" data-id=\"7ea82f5\" data-element_type=\"widget\" data-e-type=\"widget\" data-widget_type=\"heading.default\">\n\t\t\t\t<div class=\"elementor-widget-container\">\n\t\t\t\t\t<h2 class=\"elementor-heading-title elementor-size-default\">5. Cookies<\/h2>\t\t\t\t<\/div>\n\t\t\t\t<\/div>\n\t\t\t\t<div class=\"elementor-element elementor-element-0e3539a elementor-widget elementor-widget-text-editor\" data-id=\"0e3539a\" data-element_type=\"widget\" data-e-type=\"widget\" data-widget_type=\"text-editor.default\">\n\t\t\t\t<div class=\"elementor-widget-container\">\n\t\t\t\t\t\t\t\t\t<p><span style=\"color: #000000;\">Le site www.simplante.fr utilise des cookies pour am\u00e9liorer l&rsquo;exp\u00e9rience utilisateur, analyser le trafic du site et personnaliser les contenus. Vous pouvez \u00e0 tout moment modifier les param\u00e8tres de gestion des cookies dans votre navigateur.<\/span><\/p>\t\t\t\t\t\t\t\t<\/div>\n\t\t\t\t<\/div>\n\t\t\t\t\t<\/div>\n\t\t\t\t<\/div>\n\t\t<div class=\"elementor-element elementor-element-a4d100c e-flex e-con-boxed e-con e-parent\" data-id=\"a4d100c\" data-element_type=\"container\" data-e-type=\"container\">\n\t\t\t\t\t<div class=\"e-con-inner\">\n\t\t\t\t<div class=\"elementor-element elementor-element-817c95d elementor-widget elementor-widget-heading\" data-id=\"817c95d\" data-element_type=\"widget\" data-e-type=\"widget\" data-widget_type=\"heading.default\">\n\t\t\t\t<div class=\"elementor-widget-container\">\n\t\t\t\t\t<h2 class=\"elementor-heading-title elementor-size-default\">6. Limitation de responsabilit\u00e9<\/h2>\t\t\t\t<\/div>\n\t\t\t\t<\/div>\n\t\t\t\t<div class=\"elementor-element elementor-element-0558964 elementor-widget elementor-widget-text-editor\" data-id=\"0558964\" data-element_type=\"widget\" data-e-type=\"widget\" data-widget_type=\"text-editor.default\">\n\t\t\t\t<div class=\"elementor-widget-container\">\n\t\t\t\t\t\t\t\t\t<p><span style=\"color: #000000;\">Les informations contenues sur ce site sont aussi pr\u00e9cises que possible et le site est p\u00e9riodiquement remis \u00e0 jour, mais peut toutefois contenir des inexactitudes, des omissions ou des lacunes. Si vous constatez une lacune, erreur ou ce qui para\u00eet \u00eatre un dysfonctionnement, merci de bien vouloir le signaler par email, \u00e0 l\u2019adresse t.morillon@simplante.fr, en d\u00e9crivant le probl\u00e8me de la mani\u00e8re la plus pr\u00e9cise possible (page posant probl\u00e8me, type d\u2019ordinateur et de navigateur utilis\u00e9, &#8230;).<\/span><\/p>\t\t\t\t\t\t\t\t<\/div>\n\t\t\t\t<\/div>\n\t\t\t\t\t<\/div>\n\t\t\t\t<\/div>\n\t\t<div class=\"elementor-element elementor-element-490fcd2 e-flex e-con-boxed e-con e-parent\" data-id=\"490fcd2\" data-element_type=\"container\" data-e-type=\"container\">\n\t\t\t\t\t<div class=\"e-con-inner\">\n\t\t\t\t<div class=\"elementor-element elementor-element-d078c08 elementor-widget elementor-widget-heading\" data-id=\"d078c08\" data-element_type=\"widget\" data-e-type=\"widget\" data-widget_type=\"heading.default\">\n\t\t\t\t<div class=\"elementor-widget-container\">\n\t\t\t\t\t<h2 class=\"elementor-heading-title elementor-size-default\">7. Liens hypertextes<\/h2>\t\t\t\t<\/div>\n\t\t\t\t<\/div>\n\t\t\t\t<div class=\"elementor-element elementor-element-ddca208 elementor-widget elementor-widget-text-editor\" data-id=\"ddca208\" data-element_type=\"widget\" data-e-type=\"widget\" data-widget_type=\"text-editor.default\">\n\t\t\t\t<div class=\"elementor-widget-container\">\n\t\t\t\t\t\t\t\t\t<p><span style=\"color: #000000;\">Le site www.simplante.fr peut contenir des liens hypertextes vers d&rsquo;autres sites. Toutefois, nous n&rsquo;avons pas la possibilit\u00e9 de v\u00e9rifier le contenu des sites ainsi visit\u00e9s, et n&rsquo;assumerons en cons\u00e9quence aucune responsabilit\u00e9 de ce fait.<\/span><\/p>\t\t\t\t\t\t\t\t<\/div>\n\t\t\t\t<\/div>\n\t\t\t\t\t<\/div>\n\t\t\t\t<\/div>\n\t\t<div class=\"elementor-element elementor-element-35f8b23 e-flex e-con-boxed e-con e-parent\" data-id=\"35f8b23\" data-element_type=\"container\" data-e-type=\"container\">\n\t\t\t\t\t<div class=\"e-con-inner\">\n\t\t\t\t<div class=\"elementor-element elementor-element-18043d3 elementor-widget elementor-widget-heading\" data-id=\"18043d3\" data-element_type=\"widget\" data-e-type=\"widget\" data-widget_type=\"heading.default\">\n\t\t\t\t<div class=\"elementor-widget-container\">\n\t\t\t\t\t<h2 class=\"elementor-heading-title elementor-size-default\">8. Droit applicable<\/h2>\t\t\t\t<\/div>\n\t\t\t\t<\/div>\n\t\t\t\t<div class=\"elementor-element elementor-element-8747c55 elementor-widget elementor-widget-text-editor\" data-id=\"8747c55\" data-element_type=\"widget\" data-e-type=\"widget\" data-widget_type=\"text-editor.default\">\n\t\t\t\t<div class=\"elementor-widget-container\">\n\t\t\t\t\t\t\t\t\t<p><span style=\"color: #000000;\">Tout litige en relation avec l&rsquo;utilisation du site www.simplante.fr est soumis au droit fran\u00e7ais. Il est fait attribution exclusive de juridiction aux tribunaux comp\u00e9tents de d&rsquo;Angers.<\/span><\/p>\t\t\t\t\t\t\t\t<\/div>\n\t\t\t\t<\/div>\n\t\t\t\t\t<\/div>\n\t\t\t\t<\/div>\n\t\t<div class=\"elementor-element elementor-element-ae6d609 e-flex e-con-boxed e-con e-parent\" data-id=\"ae6d609\" data-element_type=\"container\" data-e-type=\"container\">\n\t\t\t\t\t<div class=\"e-con-inner\">\n\t\t\t\t<div class=\"elementor-element elementor-element-3d28d5e elementor-widget elementor-widget-heading\" data-id=\"3d28d5e\" data-element_type=\"widget\" data-e-type=\"widget\" data-widget_type=\"heading.default\">\n\t\t\t\t<div class=\"elementor-widget-container\">\n\t\t\t\t\t<h2 class=\"elementor-heading-title elementor-size-default\">9. Contact<\/h2>\t\t\t\t<\/div>\n\t\t\t\t<\/div>\n\t\t\t\t<div class=\"elementor-element elementor-element-809e142 elementor-widget elementor-widget-text-editor\" data-id=\"809e142\" data-element_type=\"widget\" data-e-type=\"widget\" data-widget_type=\"text-editor.default\">\n\t\t\t\t<div class=\"elementor-widget-container\">\n\t\t\t\t\t\t\t\t\t<p><span style=\"color: #000000;\">Pour toute question ou demande d&rsquo;information concernant les mentions l\u00e9gales, vous pouvez nous contacter par email \u00e0 t.morillon@simplante.fr.<\/span><\/p>\t\t\t\t\t\t\t\t<\/div>\n\t\t\t\t<\/div>\n\t\t\t\t\t<\/div>\n\t\t\t\t<\/div>\n\t\t\t\t<\/div>","protected":false},"excerpt":{"rendered":"<p>Mentions l\u00e9gales 1. \u00c9diteur du site Nom du site : www.simplante.fr Responsable de publication : Tiphaine Morillon T\u00e9l\u00e9phone : 07 45 15 98 55 Email : t.morillon@simplante.fr Num\u00e9ro de SIRET :940 673 049 00018\u00a0 Adresse commerciale : 1 All. du 9 Novembre 1989, 49240 Avrill\u00e9 2. H\u00e9bergement H\u00e9bergeur : O2swtich Adresse de l\u2019h\u00e9bergeur : Chemin [&hellip;]<\/p>\n","protected":false},"author":2,"featured_media":0,"parent":0,"menu_order":0,"comment_status":"closed","ping_status":"closed","template":"elementor_header_footer","meta":{"_acf_changed":false,"footnotes":""},"class_list":["post-694","page","type-page","status-publish","hentry"],"acf":[],"yoast_head":"<!-- This site is optimized with the Yoast SEO plugin v27.2 - https:\/\/yoast.com\/product\/yoast-seo-wordpress\/ -->\n<title>Mentions l\u00e9gales - Simplante<\/title>\n<meta name=\"robots\" content=\"index, follow, max-snippet:-1, max-image-preview:large, max-video-preview:-1\" \/>\n<link rel=\"canonical\" href=\"https:\/\/www.simplante.fr\/en\/mentions-legales\/\" \/>\n<meta property=\"og:locale\" content=\"en_GB\" \/>\n<meta property=\"og:type\" content=\"article\" \/>\n<meta property=\"og:title\" content=\"Mentions l\u00e9gales - Simplante\" \/>\n<meta property=\"og:description\" content=\"Mentions l\u00e9gales 1. \u00c9diteur du site Nom du site : www.simplante.fr Responsable de publication : Tiphaine Morillon T\u00e9l\u00e9phone : 07 45 15 98 55 Email : t.morillon@simplante.fr Num\u00e9ro de SIRET :940 673 049 00018\u00a0 Adresse commerciale : 1 All. du 9 Novembre 1989, 49240 Avrill\u00e9 2. H\u00e9bergement H\u00e9bergeur : O2swtich Adresse de l\u2019h\u00e9bergeur : Chemin [&hellip;]\" \/>\n<meta property=\"og:url\" content=\"https:\/\/www.simplante.fr\/en\/mentions-legales\/\" \/>\n<meta property=\"og:site_name\" content=\"Simplante\" \/>\n<meta property=\"article:modified_time\" content=\"2025-09-08T08:59:44+00:00\" \/>\n<meta name=\"twitter:card\" content=\"summary_large_image\" \/>\n<meta name=\"twitter:label1\" content=\"Estimated reading time\" \/>\n\t<meta name=\"twitter:data1\" content=\"2 minutes\" \/>\n<script type=\"application\/ld+json\" class=\"yoast-schema-graph\">{\"@context\":\"https:\/\/schema.org\",\"@graph\":[{\"@type\":\"WebPage\",\"@id\":\"https:\/\/www.simplante.fr\/mentions-legales\/\",\"url\":\"https:\/\/www.simplante.fr\/mentions-legales\/\",\"name\":\"Mentions l\u00e9gales - Simplante\",\"isPartOf\":{\"@id\":\"https:\/\/www.simplante.fr\/#website\"},\"datePublished\":\"2024-09-05T20:20:15+00:00\",\"dateModified\":\"2025-09-08T08:59:44+00:00\",\"breadcrumb\":{\"@id\":\"https:\/\/www.simplante.fr\/mentions-legales\/#breadcrumb\"},\"inLanguage\":\"en-GB\",\"potentialAction\":[{\"@type\":\"ReadAction\",\"target\":[\"https:\/\/www.simplante.fr\/mentions-legales\/\"]}]},{\"@type\":\"BreadcrumbList\",\"@id\":\"https:\/\/www.simplante.fr\/mentions-legales\/#breadcrumb\",\"itemListElement\":[{\"@type\":\"ListItem\",\"position\":1,\"name\":\"Accueil\",\"item\":\"https:\/\/www.simplante.fr\/\"},{\"@type\":\"ListItem\",\"position\":2,\"name\":\"Mentions l\u00e9gales\"}]},{\"@type\":\"WebSite\",\"@id\":\"https:\/\/www.simplante.fr\/#website\",\"url\":\"https:\/\/www.simplante.fr\/\",\"name\":\"Simplante\",\"description\":\"Votre engagement pour la durabilit\u00e9\",\"publisher\":{\"@id\":\"https:\/\/www.simplante.fr\/#organization\"},\"potentialAction\":[{\"@type\":\"SearchAction\",\"target\":{\"@type\":\"EntryPoint\",\"urlTemplate\":\"https:\/\/www.simplante.fr\/?s={search_term_string}\"},\"query-input\":{\"@type\":\"PropertyValueSpecification\",\"valueRequired\":true,\"valueName\":\"search_term_string\"}}],\"inLanguage\":\"en-GB\"},{\"@type\":\"Organization\",\"@id\":\"https:\/\/www.simplante.fr\/#organization\",\"name\":\"Simplante\",\"url\":\"https:\/\/www.simplante.fr\/\",\"logo\":{\"@type\":\"ImageObject\",\"inLanguage\":\"en-GB\",\"@id\":\"https:\/\/www.simplante.fr\/#\/schema\/logo\/image\/\",\"url\":\"https:\/\/www.simplante.fr\/wp-content\/uploads\/2024\/06\/Icone-nom-vert-fonce-scaled.png\",\"contentUrl\":\"https:\/\/www.simplante.fr\/wp-content\/uploads\/2024\/06\/Icone-nom-vert-fonce-scaled.png\",\"width\":2560,\"height\":440,\"caption\":\"Simplante\"},\"image\":{\"@id\":\"https:\/\/www.simplante.fr\/#\/schema\/logo\/image\/\"}}]}<\/script>\n<!-- \/ Yoast SEO plugin. -->","yoast_head_json":{"title":"Mentions l\u00e9gales - Simplante","robots":{"index":"index","follow":"follow","max-snippet":"max-snippet:-1","max-image-preview":"max-image-preview:large","max-video-preview":"max-video-preview:-1"},"canonical":"https:\/\/www.simplante.fr\/en\/mentions-legales\/","og_locale":"en_GB","og_type":"article","og_title":"Mentions l\u00e9gales - Simplante","og_description":"Mentions l\u00e9gales 1. \u00c9diteur du site Nom du site : www.simplante.fr Responsable de publication : Tiphaine Morillon T\u00e9l\u00e9phone : 07 45 15 98 55 Email : t.morillon@simplante.fr Num\u00e9ro de SIRET :940 673 049 00018\u00a0 Adresse commerciale : 1 All. du 9 Novembre 1989, 49240 Avrill\u00e9 2. H\u00e9bergement H\u00e9bergeur : O2swtich Adresse de l\u2019h\u00e9bergeur : Chemin [&hellip;]","og_url":"https:\/\/www.simplante.fr\/en\/mentions-legales\/","og_site_name":"Simplante","article_modified_time":"2025-09-08T08:59:44+00:00","twitter_card":"summary_large_image","twitter_misc":{"Estimated reading time":"2 minutes"},"schema":{"@context":"https:\/\/schema.org","@graph":[{"@type":"WebPage","@id":"https:\/\/www.simplante.fr\/mentions-legales\/","url":"https:\/\/www.simplante.fr\/mentions-legales\/","name":"Mentions l\u00e9gales - Simplante","isPartOf":{"@id":"https:\/\/www.simplante.fr\/#website"},"datePublished":"2024-09-05T20:20:15+00:00","dateModified":"2025-09-08T08:59:44+00:00","breadcrumb":{"@id":"https:\/\/www.simplante.fr\/mentions-legales\/#breadcrumb"},"inLanguage":"en-GB","potentialAction":[{"@type":"ReadAction","target":["https:\/\/www.simplante.fr\/mentions-legales\/"]}]},{"@type":"BreadcrumbList","@id":"https:\/\/www.simplante.fr\/mentions-legales\/#breadcrumb","itemListElement":[{"@type":"ListItem","position":1,"name":"Accueil","item":"https:\/\/www.simplante.fr\/"},{"@type":"ListItem","position":2,"name":"Mentions l\u00e9gales"}]},{"@type":"WebSite","@id":"https:\/\/www.simplante.fr\/#website","url":"https:\/\/www.simplante.fr\/","name":"Simplante","description":"Votre engagement pour la durabilit\u00e9","publisher":{"@id":"https:\/\/www.simplante.fr\/#organization"},"potentialAction":[{"@type":"SearchAction","target":{"@type":"EntryPoint","urlTemplate":"https:\/\/www.simplante.fr\/?s={search_term_string}"},"query-input":{"@type":"PropertyValueSpecification","valueRequired":true,"valueName":"search_term_string"}}],"inLanguage":"en-GB"},{"@type":"Organization","@id":"https:\/\/www.simplante.fr\/#organization","name":"Simplante","url":"https:\/\/www.simplante.fr\/","logo":{"@type":"ImageObject","inLanguage":"en-GB","@id":"https:\/\/www.simplante.fr\/#\/schema\/logo\/image\/","url":"https:\/\/www.simplante.fr\/wp-content\/uploads\/2024\/06\/Icone-nom-vert-fonce-scaled.png","contentUrl":"https:\/\/www.simplante.fr\/wp-content\/uploads\/2024\/06\/Icone-nom-vert-fonce-scaled.png","width":2560,"height":440,"caption":"Simplante"},"image":{"@id":"https:\/\/www.simplante.fr\/#\/schema\/logo\/image\/"}}]}},"_links":{"self":[{"href":"https:\/\/www.simplante.fr\/en\/wp-json\/wp\/v2\/pages\/694","targetHints":{"allow":["GET"]}}],"collection":[{"href":"https:\/\/www.simplante.fr\/en\/wp-json\/wp\/v2\/pages"}],"about":[{"href":"https:\/\/www.simplante.fr\/en\/wp-json\/wp\/v2\/types\/page"}],"author":[{"embeddable":true,"href":"https:\/\/www.simplante.fr\/en\/wp-json\/wp\/v2\/users\/2"}],"replies":[{"embeddable":true,"href":"https:\/\/www.simplante.fr\/en\/wp-json\/wp\/v2\/comments?post=694"}],"version-history":[{"count":0,"href":"https:\/\/www.simplante.fr\/en\/wp-json\/wp\/v2\/pages\/694\/revisions"}],"wp:attachment":[{"href":"https:\/\/www.simplante.fr\/en\/wp-json\/wp\/v2\/media?parent=694"}],"curies":[{"name":"wp","href":"https:\/\/api.w.org\/{rel}","templated":true}]}}