{"id":3282,"date":"2026-03-02T13:09:43","date_gmt":"2026-03-02T13:09:43","guid":{"rendered":"https:\/\/www.simplante.fr\/?page_id=3282"},"modified":"2026-03-03T13:10:52","modified_gmt":"2026-03-03T13:10:52","slug":"affichette","status":"publish","type":"page","link":"https:\/\/www.simplante.fr\/en\/affichette\/","title":{"rendered":"Affichette"},"content":{"rendered":"\t\t<div data-elementor-type=\"wp-page\" data-elementor-id=\"3282\" class=\"elementor elementor-3282\" data-elementor-post-type=\"page\">\n\t\t\t\t<div class=\"elementor-element elementor-element-61823ad e-flex e-con-boxed e-con e-parent\" data-id=\"61823ad\" data-element_type=\"container\" data-e-type=\"container\">\n\t\t\t\t\t<div class=\"e-con-inner\">\n\t\t\t\t<div class=\"elementor-element elementor-element-47d4fac elementor-widget elementor-widget-spacer\" data-id=\"47d4fac\" data-element_type=\"widget\" data-e-type=\"widget\" data-widget_type=\"spacer.default\">\n\t\t\t\t<div class=\"elementor-widget-container\">\n\t\t\t\t\t\t\t<div class=\"elementor-spacer\">\n\t\t\t<div class=\"elementor-spacer-inner\"><\/div>\n\t\t<\/div>\n\t\t\t\t\t\t<\/div>\n\t\t\t\t<\/div>\n\t\t\t\t\t<\/div>\n\t\t\t\t<\/div>\n\t\t<div class=\"elementor-element elementor-element-713ff7b e-flex e-con-boxed e-con e-parent\" data-id=\"713ff7b\" data-element_type=\"container\" data-e-type=\"container\" data-settings=\"{&quot;background_background&quot;:&quot;classic&quot;}\">\n\t\t\t\t\t<div class=\"e-con-inner\">\n\t\t\t\t<div class=\"elementor-element elementor-element-aa7d1ab elementor-widget elementor-widget-heading\" data-id=\"aa7d1ab\" data-element_type=\"widget\" data-e-type=\"widget\" data-widget_type=\"heading.default\">\n\t\t\t\t<div class=\"elementor-widget-container\">\n\t\t\t\t\t<h2 class=\"elementor-heading-title elementor-size-default\">L'Affichette<\/h2>\t\t\t\t<\/div>\n\t\t\t\t<\/div>\n\t\t\t\t<div class=\"elementor-element elementor-element-95f137c elementor-widget elementor-widget-text-editor\" data-id=\"95f137c\" data-element_type=\"widget\" data-e-type=\"widget\" data-widget_type=\"text-editor.default\">\n\t\t\t\t<div class=\"elementor-widget-container\">\n\t\t\t\t\t\t\t\t\t<p>D\u00e9couvrez l&rsquo;affichette, de grandes \u00e9tiquettes panneaux, fabriqu\u00e9es \u00e0 partir de mati\u00e8res compostables pour un usage professionnel.<\/p>\t\t\t\t\t\t\t\t<\/div>\n\t\t\t\t<\/div>\n\t\t\t\t<div class=\"elementor-element elementor-element-8703db5 elementor-widget elementor-widget-spacer\" data-id=\"8703db5\" data-element_type=\"widget\" data-e-type=\"widget\" data-widget_type=\"spacer.default\">\n\t\t\t\t<div class=\"elementor-widget-container\">\n\t\t\t\t\t\t\t<div class=\"elementor-spacer\">\n\t\t\t<div class=\"elementor-spacer-inner\"><\/div>\n\t\t<\/div>\n\t\t\t\t\t\t<\/div>\n\t\t\t\t<\/div>\n\t\t\t\t\t<\/div>\n\t\t\t\t<\/div>\n\t\t<div class=\"elementor-element elementor-element-3e44742 e-flex e-con-boxed e-con e-parent\" data-id=\"3e44742\" data-element_type=\"container\" data-e-type=\"container\" data-settings=\"{&quot;background_background&quot;:&quot;classic&quot;}\">\n\t\t\t\t\t<div class=\"e-con-inner\">\n\t\t<div class=\"elementor-element elementor-element-5b68d03 e-con-full e-flex e-con e-child\" data-id=\"5b68d03\" data-element_type=\"container\" data-e-type=\"container\">\n\t\t\t\t<div class=\"elementor-element elementor-element-d9f3d2c elementor-widget elementor-widget-spacer\" data-id=\"d9f3d2c\" data-element_type=\"widget\" data-e-type=\"widget\" data-widget_type=\"spacer.default\">\n\t\t\t\t<div class=\"elementor-widget-container\">\n\t\t\t\t\t\t\t<div class=\"elementor-spacer\">\n\t\t\t<div class=\"elementor-spacer-inner\"><\/div>\n\t\t<\/div>\n\t\t\t\t\t\t<\/div>\n\t\t\t\t<\/div>\n\t\t\t\t<div class=\"elementor-element elementor-element-37877f4 elementor-widget elementor-widget-image\" data-id=\"37877f4\" data-element_type=\"widget\" data-e-type=\"widget\" data-widget_type=\"image.default\">\n\t\t\t\t<div class=\"elementor-widget-container\">\n\t\t\t\t\t\t\t\t\t\t\t\t\t\t\t<img decoding=\"async\" src=\"https:\/\/www.simplante.fr\/wp-content\/uploads\/elementor\/thumbs\/IMG_6424-scaled-e1772803376454-rk40o2ntbhltg2hzqw9uo0a4kqet8kgh8p7omug3qc.jpg\" title=\"IMG_6424\" alt=\"Affichette\" loading=\"lazy\" \/>\t\t\t\t\t\t\t\t\t\t\t\t\t\t\t<\/div>\n\t\t\t\t<\/div>\n\t\t\t\t<\/div>\n\t\t<div class=\"elementor-element elementor-element-a21bc0e e-con-full e-flex e-con e-child\" data-id=\"a21bc0e\" data-element_type=\"container\" data-e-type=\"container\">\n\t\t\t\t<div class=\"elementor-element elementor-element-151cf45 elementor-widget elementor-widget-spacer\" data-id=\"151cf45\" data-element_type=\"widget\" data-e-type=\"widget\" data-widget_type=\"spacer.default\">\n\t\t\t\t<div class=\"elementor-widget-container\">\n\t\t\t\t\t\t\t<div class=\"elementor-spacer\">\n\t\t\t<div class=\"elementor-spacer-inner\"><\/div>\n\t\t<\/div>\n\t\t\t\t\t\t<\/div>\n\t\t\t\t<\/div>\n\t\t\t\t<div class=\"elementor-element elementor-element-34297d8 elementor-widget elementor-widget-text-editor\" data-id=\"34297d8\" data-element_type=\"widget\" data-e-type=\"widget\" data-widget_type=\"text-editor.default\">\n\t\t\t\t<div class=\"elementor-widget-container\">\n\t\t\t\t\t\t\t\t\t<p>Vous \u00eates professionnel et vous souhaitez obtenir les affichettes, compl\u00e9tez alors ce formulaire !<\/p>\t\t\t\t\t\t\t\t<\/div>\n\t\t\t\t<\/div>\n\t\t\t\t<div class=\"elementor-element elementor-element-f948979 elementor-widget elementor-widget-spacer\" data-id=\"f948979\" data-element_type=\"widget\" data-e-type=\"widget\" data-widget_type=\"spacer.default\">\n\t\t\t\t<div class=\"elementor-widget-container\">\n\t\t\t\t\t\t\t<div class=\"elementor-spacer\">\n\t\t\t<div class=\"elementor-spacer-inner\"><\/div>\n\t\t<\/div>\n\t\t\t\t\t\t<\/div>\n\t\t\t\t<\/div>\n\t\t\t\t<div class=\"elementor-element elementor-element-cec1e02 elementor-button-align-start elementor-tablet-button-align-center elementor-widget elementor-widget-form\" data-id=\"cec1e02\" data-element_type=\"widget\" data-e-type=\"widget\" data-settings=\"{&quot;step_next_label&quot;:&quot;Next&quot;,&quot;step_previous_label&quot;:&quot;Previous&quot;,&quot;button_width&quot;:&quot;100&quot;,&quot;step_type&quot;:&quot;number_text&quot;,&quot;step_icon_shape&quot;:&quot;circle&quot;}\" data-widget_type=\"form.default\">\n\t\t\t\t<div class=\"elementor-widget-container\">\n\t\t\t\t\t\t\t<form class=\"elementor-form\" method=\"post\" name=\"New Form\" aria-label=\"New Form\">\n\t\t\t<input type=\"hidden\" name=\"post_id\" value=\"3282\"\/>\n\t\t\t<input type=\"hidden\" name=\"form_id\" value=\"cec1e02\"\/>\n\t\t\t<input type=\"hidden\" name=\"referer_title\" value=\"Affichette - Simplante\" \/>\n\n\t\t\t\t\t\t\t<input type=\"hidden\" name=\"queried_id\" value=\"3282\"\/>\n\t\t\t\n\t\t\t<div class=\"elementor-form-fields-wrapper elementor-labels-\">\n\t\t\t\t\t\t\t\t<div class=\"elementor-field-type-text elementor-field-group elementor-column elementor-field-group-name elementor-col-100 elementor-field-required\">\n\t\t\t\t\t\t\t\t\t\t\t\t<label for=\"form-field-name\" class=\"elementor-field-label elementor-screen-only\">\n\t\t\t\t\t\t\t\tNom\t\t\t\t\t\t\t<\/label>\n\t\t\t\t\t\t\t\t\t\t\t\t\t\t<input size=\"1\" type=\"text\" name=\"form_fields[name]\" id=\"form-field-name\" class=\"elementor-field elementor-size-sm  elementor-field-textual\" placeholder=\"Nom\" required=\"required\">\n\t\t\t\t\t\t\t\t\t\t\t<\/div>\n\t\t\t\t\t\t\t\t<div class=\"elementor-field-type-text elementor-field-group elementor-column elementor-field-group-field_1b374bd elementor-col-100\">\n\t\t\t\t\t\t\t\t\t\t\t\t<label for=\"form-field-field_1b374bd\" class=\"elementor-field-label elementor-screen-only\">\n\t\t\t\t\t\t\t\tPr\u00e9nom\t\t\t\t\t\t\t<\/label>\n\t\t\t\t\t\t\t\t\t\t\t\t\t\t<input size=\"1\" type=\"text\" name=\"form_fields[field_1b374bd]\" id=\"form-field-field_1b374bd\" class=\"elementor-field elementor-size-sm  elementor-field-textual\" placeholder=\"Pr\u00e9nom\">\n\t\t\t\t\t\t\t\t\t\t\t<\/div>\n\t\t\t\t\t\t\t\t<div class=\"elementor-field-type-tel elementor-field-group elementor-column elementor-field-group-email elementor-col-100 elementor-field-required\">\n\t\t\t\t\t\t\t\t\t\t\t\t<label for=\"form-field-email\" class=\"elementor-field-label elementor-screen-only\">\n\t\t\t\t\t\t\t\tT\u00e9l\u00e9phone\t\t\t\t\t\t\t<\/label>\n\t\t\t\t\t\t\t\t<input size=\"1\" type=\"tel\" name=\"form_fields[email]\" id=\"form-field-email\" class=\"elementor-field elementor-size-sm  elementor-field-textual\" placeholder=\"T\u00e9l\u00e9phone\" required=\"required\" pattern=\"[0-9()#&amp;+*-=.]+\" title=\"Only numbers and phone characters (#, -, *, etc) are accepted.\">\n\n\t\t\t\t\t\t<\/div>\n\t\t\t\t\t\t\t\t<div class=\"elementor-field-type-text elementor-field-group elementor-column elementor-field-group-field_b17b517 elementor-col-100\">\n\t\t\t\t\t\t\t\t\t\t\t\t<label for=\"form-field-field_b17b517\" class=\"elementor-field-label elementor-screen-only\">\n\t\t\t\t\t\t\t\tEntreprise\t\t\t\t\t\t\t<\/label>\n\t\t\t\t\t\t\t\t\t\t\t\t\t\t<input size=\"1\" type=\"text\" name=\"form_fields[field_b17b517]\" id=\"form-field-field_b17b517\" class=\"elementor-field elementor-size-sm  elementor-field-textual\" placeholder=\"Entreprise\">\n\t\t\t\t\t\t\t\t\t\t\t<\/div>\n\t\t\t\t\t\t\t\t<div class=\"elementor-field-type-email elementor-field-group elementor-column elementor-field-group-field_8549f77 elementor-col-100\">\n\t\t\t\t\t\t\t\t\t\t\t\t<label for=\"form-field-field_8549f77\" class=\"elementor-field-label elementor-screen-only\">\n\t\t\t\t\t\t\t\tE-mail\t\t\t\t\t\t\t<\/label>\n\t\t\t\t\t\t\t\t\t\t\t\t\t\t<input size=\"1\" type=\"email\" name=\"form_fields[field_8549f77]\" id=\"form-field-field_8549f77\" class=\"elementor-field elementor-size-sm  elementor-field-textual\" placeholder=\"E-mail\">\n\t\t\t\t\t\t\t\t\t\t\t<\/div>\n\t\t\t\t\t\t\t\t<div class=\"elementor-field-type-textarea elementor-field-group elementor-column elementor-field-group-field_408b76b elementor-col-100\">\n\t\t\t\t\t\t\t\t\t\t\t\t<label for=\"form-field-field_408b76b\" class=\"elementor-field-label elementor-screen-only\">\n\t\t\t\t\t\t\t\tMessage\t\t\t\t\t\t\t<\/label>\n\t\t\t\t\t\t<textarea class=\"elementor-field-textual elementor-field  elementor-size-sm\" name=\"form_fields[field_408b76b]\" id=\"form-field-field_408b76b\" rows=\"4\" placeholder=\"Message\"><\/textarea>\t\t\t\t<\/div>\n\t\t\t\t\t\t\t\t<div class=\"elementor-field-group elementor-column elementor-field-type-submit elementor-col-100 e-form__buttons\">\n\t\t\t\t\t<button class=\"elementor-button elementor-size-xs\" type=\"submit\">\n\t\t\t\t\t\t<span class=\"elementor-button-content-wrapper\">\n\t\t\t\t\t\t\t\t\t\t\t\t\t\t\t\t\t\t\t\t\t\t<span class=\"elementor-button-text\">Envoyer<\/span>\n\t\t\t\t\t\t\t\t\t\t\t\t\t<\/span>\n\t\t\t\t\t<\/button>\n\t\t\t\t<\/div>\n\t\t\t<\/div>\n\t\t<\/form>\n\t\t\t\t\t\t<\/div>\n\t\t\t\t<\/div>\n\t\t\t\t<\/div>\n\t\t\t\t\t<\/div>\n\t\t\t\t<\/div>\n\t\t\t\t<\/div>\n\t\t","protected":false},"excerpt":{"rendered":"<p>L&rsquo;Affichette D\u00e9couvrez l&rsquo;affichette, de grandes \u00e9tiquettes panneaux, fabriqu\u00e9es \u00e0 partir de mati\u00e8res compostables pour un usage professionnel. Vous \u00eates professionnel et vous souhaitez obtenir les affichettes, compl\u00e9tez alors ce formulaire !<\/p>","protected":false},"author":2,"featured_media":0,"parent":0,"menu_order":0,"comment_status":"closed","ping_status":"closed","template":"","meta":{"_acf_changed":false,"footnotes":""},"class_list":["post-3282","page","type-page","status-publish","hentry"],"acf":[],"yoast_head":"<!-- This site is optimized with the Yoast SEO plugin v27.2 - https:\/\/yoast.com\/product\/yoast-seo-wordpress\/ -->\n<title>Affichette - Simplante<\/title>\n<meta name=\"description\" content=\"D\u00e9couvrez l&#039;affichette, de grandes \u00e9tiquettes panneaux, fabriqu\u00e9es \u00e0 partir de mati\u00e8res compostables pour un usage professionnel.\" \/>\n<meta name=\"robots\" content=\"index, follow, max-snippet:-1, max-image-preview:large, max-video-preview:-1\" \/>\n<link rel=\"canonical\" href=\"https:\/\/www.simplante.fr\/en\/affichette\/\" \/>\n<meta property=\"og:locale\" content=\"en_GB\" \/>\n<meta property=\"og:type\" content=\"article\" \/>\n<meta property=\"og:title\" content=\"Affichette - Simplante\" \/>\n<meta property=\"og:description\" content=\"D\u00e9couvrez l&#039;affichette, de grandes \u00e9tiquettes panneaux, fabriqu\u00e9es \u00e0 partir de mati\u00e8res compostables pour un usage professionnel.\" \/>\n<meta property=\"og:url\" content=\"https:\/\/www.simplante.fr\/en\/affichette\/\" \/>\n<meta property=\"og:site_name\" content=\"Simplante\" \/>\n<meta property=\"article:modified_time\" content=\"2026-03-03T13:10:52+00:00\" \/>\n<meta property=\"og:image\" content=\"https:\/\/www.simplante.fr\/wp-content\/uploads\/elementor\/thumbs\/IMG_6424-scaled-rjwwf5viajecq873qvlzhdqy4stlmt799mqfoebbhg.jpg\" \/>\n<meta name=\"twitter:card\" content=\"summary_large_image\" \/>\n<meta name=\"twitter:label1\" content=\"Estimated reading time\" \/>\n\t<meta name=\"twitter:data1\" content=\"1 minute\" \/>\n<script type=\"application\/ld+json\" class=\"yoast-schema-graph\">{\"@context\":\"https:\/\/schema.org\",\"@graph\":[{\"@type\":\"WebPage\",\"@id\":\"https:\/\/www.simplante.fr\/affichette\/\",\"url\":\"https:\/\/www.simplante.fr\/affichette\/\",\"name\":\"Affichette - Simplante\",\"isPartOf\":{\"@id\":\"https:\/\/www.simplante.fr\/#website\"},\"primaryImageOfPage\":{\"@id\":\"https:\/\/www.simplante.fr\/affichette\/#primaryimage\"},\"image\":{\"@id\":\"https:\/\/www.simplante.fr\/affichette\/#primaryimage\"},\"thumbnailUrl\":\"https:\/\/www.simplante.fr\/wp-content\/uploads\/elementor\/thumbs\/IMG_6424-scaled-rjwwf5viajecq873qvlzhdqy4stlmt799mqfoebbhg.jpg\",\"datePublished\":\"2026-03-02T13:09:43+00:00\",\"dateModified\":\"2026-03-03T13:10:52+00:00\",\"description\":\"D\u00e9couvrez l'affichette, de grandes \u00e9tiquettes panneaux, fabriqu\u00e9es \u00e0 partir de mati\u00e8res compostables pour un usage professionnel.\",\"breadcrumb\":{\"@id\":\"https:\/\/www.simplante.fr\/affichette\/#breadcrumb\"},\"inLanguage\":\"en-GB\",\"potentialAction\":[{\"@type\":\"ReadAction\",\"target\":[\"https:\/\/www.simplante.fr\/affichette\/\"]}]},{\"@type\":\"ImageObject\",\"inLanguage\":\"en-GB\",\"@id\":\"https:\/\/www.simplante.fr\/affichette\/#primaryimage\",\"url\":\"https:\/\/www.simplante.fr\/wp-content\/uploads\/elementor\/thumbs\/IMG_6424-scaled-rjwwf5viajecq873qvlzhdqy4stlmt799mqfoebbhg.jpg\",\"contentUrl\":\"https:\/\/www.simplante.fr\/wp-content\/uploads\/elementor\/thumbs\/IMG_6424-scaled-rjwwf5viajecq873qvlzhdqy4stlmt799mqfoebbhg.jpg\"},{\"@type\":\"BreadcrumbList\",\"@id\":\"https:\/\/www.simplante.fr\/affichette\/#breadcrumb\",\"itemListElement\":[{\"@type\":\"ListItem\",\"position\":1,\"name\":\"Accueil\",\"item\":\"https:\/\/www.simplante.fr\/\"},{\"@type\":\"ListItem\",\"position\":2,\"name\":\"Affichette\"}]},{\"@type\":\"WebSite\",\"@id\":\"https:\/\/www.simplante.fr\/#website\",\"url\":\"https:\/\/www.simplante.fr\/\",\"name\":\"Simplante\",\"description\":\"Votre engagement pour la durabilit\u00e9\",\"publisher\":{\"@id\":\"https:\/\/www.simplante.fr\/#organization\"},\"potentialAction\":[{\"@type\":\"SearchAction\",\"target\":{\"@type\":\"EntryPoint\",\"urlTemplate\":\"https:\/\/www.simplante.fr\/?s={search_term_string}\"},\"query-input\":{\"@type\":\"PropertyValueSpecification\",\"valueRequired\":true,\"valueName\":\"search_term_string\"}}],\"inLanguage\":\"en-GB\"},{\"@type\":\"Organization\",\"@id\":\"https:\/\/www.simplante.fr\/#organization\",\"name\":\"Simplante\",\"url\":\"https:\/\/www.simplante.fr\/\",\"logo\":{\"@type\":\"ImageObject\",\"inLanguage\":\"en-GB\",\"@id\":\"https:\/\/www.simplante.fr\/#\/schema\/logo\/image\/\",\"url\":\"https:\/\/www.simplante.fr\/wp-content\/uploads\/2024\/06\/Icone-nom-vert-fonce-scaled.png\",\"contentUrl\":\"https:\/\/www.simplante.fr\/wp-content\/uploads\/2024\/06\/Icone-nom-vert-fonce-scaled.png\",\"width\":2560,\"height\":440,\"caption\":\"Simplante\"},\"image\":{\"@id\":\"https:\/\/www.simplante.fr\/#\/schema\/logo\/image\/\"}}]}<\/script>\n<!-- \/ Yoast SEO plugin. -->","yoast_head_json":{"title":"Affichette - Simplante","description":"D\u00e9couvrez l'affichette, de grandes \u00e9tiquettes panneaux, fabriqu\u00e9es \u00e0 partir de mati\u00e8res compostables pour un usage professionnel.","robots":{"index":"index","follow":"follow","max-snippet":"max-snippet:-1","max-image-preview":"max-image-preview:large","max-video-preview":"max-video-preview:-1"},"canonical":"https:\/\/www.simplante.fr\/en\/affichette\/","og_locale":"en_GB","og_type":"article","og_title":"Affichette - Simplante","og_description":"D\u00e9couvrez l'affichette, de grandes \u00e9tiquettes panneaux, fabriqu\u00e9es \u00e0 partir de mati\u00e8res compostables pour un usage professionnel.","og_url":"https:\/\/www.simplante.fr\/en\/affichette\/","og_site_name":"Simplante","article_modified_time":"2026-03-03T13:10:52+00:00","og_image":[{"url":"https:\/\/www.simplante.fr\/wp-content\/uploads\/elementor\/thumbs\/IMG_6424-scaled-rjwwf5viajecq873qvlzhdqy4stlmt799mqfoebbhg.jpg","type":"","width":"","height":""}],"twitter_card":"summary_large_image","twitter_misc":{"Estimated reading time":"1 minute"},"schema":{"@context":"https:\/\/schema.org","@graph":[{"@type":"WebPage","@id":"https:\/\/www.simplante.fr\/affichette\/","url":"https:\/\/www.simplante.fr\/affichette\/","name":"Affichette - Simplante","isPartOf":{"@id":"https:\/\/www.simplante.fr\/#website"},"primaryImageOfPage":{"@id":"https:\/\/www.simplante.fr\/affichette\/#primaryimage"},"image":{"@id":"https:\/\/www.simplante.fr\/affichette\/#primaryimage"},"thumbnailUrl":"https:\/\/www.simplante.fr\/wp-content\/uploads\/elementor\/thumbs\/IMG_6424-scaled-rjwwf5viajecq873qvlzhdqy4stlmt799mqfoebbhg.jpg","datePublished":"2026-03-02T13:09:43+00:00","dateModified":"2026-03-03T13:10:52+00:00","description":"D\u00e9couvrez l'affichette, de grandes \u00e9tiquettes panneaux, fabriqu\u00e9es \u00e0 partir de mati\u00e8res compostables pour un usage professionnel.","breadcrumb":{"@id":"https:\/\/www.simplante.fr\/affichette\/#breadcrumb"},"inLanguage":"en-GB","potentialAction":[{"@type":"ReadAction","target":["https:\/\/www.simplante.fr\/affichette\/"]}]},{"@type":"ImageObject","inLanguage":"en-GB","@id":"https:\/\/www.simplante.fr\/affichette\/#primaryimage","url":"https:\/\/www.simplante.fr\/wp-content\/uploads\/elementor\/thumbs\/IMG_6424-scaled-rjwwf5viajecq873qvlzhdqy4stlmt799mqfoebbhg.jpg","contentUrl":"https:\/\/www.simplante.fr\/wp-content\/uploads\/elementor\/thumbs\/IMG_6424-scaled-rjwwf5viajecq873qvlzhdqy4stlmt799mqfoebbhg.jpg"},{"@type":"BreadcrumbList","@id":"https:\/\/www.simplante.fr\/affichette\/#breadcrumb","itemListElement":[{"@type":"ListItem","position":1,"name":"Accueil","item":"https:\/\/www.simplante.fr\/"},{"@type":"ListItem","position":2,"name":"Affichette"}]},{"@type":"WebSite","@id":"https:\/\/www.simplante.fr\/#website","url":"https:\/\/www.simplante.fr\/","name":"Simplante","description":"Votre engagement pour la durabilit\u00e9","publisher":{"@id":"https:\/\/www.simplante.fr\/#organization"},"potentialAction":[{"@type":"SearchAction","target":{"@type":"EntryPoint","urlTemplate":"https:\/\/www.simplante.fr\/?s={search_term_string}"},"query-input":{"@type":"PropertyValueSpecification","valueRequired":true,"valueName":"search_term_string"}}],"inLanguage":"en-GB"},{"@type":"Organization","@id":"https:\/\/www.simplante.fr\/#organization","name":"Simplante","url":"https:\/\/www.simplante.fr\/","logo":{"@type":"ImageObject","inLanguage":"en-GB","@id":"https:\/\/www.simplante.fr\/#\/schema\/logo\/image\/","url":"https:\/\/www.simplante.fr\/wp-content\/uploads\/2024\/06\/Icone-nom-vert-fonce-scaled.png","contentUrl":"https:\/\/www.simplante.fr\/wp-content\/uploads\/2024\/06\/Icone-nom-vert-fonce-scaled.png","width":2560,"height":440,"caption":"Simplante"},"image":{"@id":"https:\/\/www.simplante.fr\/#\/schema\/logo\/image\/"}}]}},"_links":{"self":[{"href":"https:\/\/www.simplante.fr\/en\/wp-json\/wp\/v2\/pages\/3282","targetHints":{"allow":["GET"]}}],"collection":[{"href":"https:\/\/www.simplante.fr\/en\/wp-json\/wp\/v2\/pages"}],"about":[{"href":"https:\/\/www.simplante.fr\/en\/wp-json\/wp\/v2\/types\/page"}],"author":[{"embeddable":true,"href":"https:\/\/www.simplante.fr\/en\/wp-json\/wp\/v2\/users\/2"}],"replies":[{"embeddable":true,"href":"https:\/\/www.simplante.fr\/en\/wp-json\/wp\/v2\/comments?post=3282"}],"version-history":[{"count":14,"href":"https:\/\/www.simplante.fr\/en\/wp-json\/wp\/v2\/pages\/3282\/revisions"}],"predecessor-version":[{"id":3340,"href":"https:\/\/www.simplante.fr\/en\/wp-json\/wp\/v2\/pages\/3282\/revisions\/3340"}],"wp:attachment":[{"href":"https:\/\/www.simplante.fr\/en\/wp-json\/wp\/v2\/media?parent=3282"}],"curies":[{"name":"wp","href":"https:\/\/api.w.org\/{rel}","templated":true}]}}