{"id":2810,"date":"2026-01-30T09:09:01","date_gmt":"2026-01-30T09:09:01","guid":{"rendered":"https:\/\/www.simplante.fr\/contact-us-2\/"},"modified":"2026-03-06T09:25:18","modified_gmt":"2026-03-06T09:25:18","slug":"contact","status":"publish","type":"page","link":"https:\/\/www.simplante.fr\/en\/contact\/","title":{"rendered":"Contact"},"content":{"rendered":"\t\t<div data-elementor-type=\"wp-page\" data-elementor-id=\"2810\" class=\"elementor elementor-2810\" data-elementor-post-type=\"page\">\n\t\t\t\t<div class=\"elementor-element elementor-element-1a960f0c e-con-full e-flex e-con e-parent\" data-id=\"1a960f0c\" data-element_type=\"container\" data-e-type=\"container\">\n\t\t<div class=\"elementor-element elementor-element-43f31a31 e-con-full e-flex e-con e-child\" data-id=\"43f31a31\" data-element_type=\"container\" data-e-type=\"container\" data-settings=\"{&quot;background_background&quot;:&quot;classic&quot;,&quot;background_motion_fx_motion_fx_scrolling&quot;:&quot;yes&quot;,&quot;background_motion_fx_translateY_effect&quot;:&quot;yes&quot;,&quot;background_motion_fx_translateY_direction&quot;:&quot;negative&quot;,&quot;background_motion_fx_translateY_speed&quot;:{&quot;unit&quot;:&quot;px&quot;,&quot;size&quot;:1.5,&quot;sizes&quot;:[]},&quot;background_motion_fx_translateY_affectedRange&quot;:{&quot;unit&quot;:&quot;%&quot;,&quot;size&quot;:&quot;&quot;,&quot;sizes&quot;:{&quot;start&quot;:0,&quot;end&quot;:100}},&quot;background_motion_fx_devices&quot;:[&quot;desktop&quot;,&quot;tablet&quot;,&quot;mobile&quot;]}\">\n\t\t\t\t<\/div>\n\t\t<div class=\"elementor-element elementor-element-5b6561a2 e-con-full e-flex e-con e-child\" data-id=\"5b6561a2\" data-element_type=\"container\" data-e-type=\"container\">\n\t\t\t\t<div class=\"elementor-element elementor-element-6e21bd6a elementor-headline--style-rotate elementor-invisible elementor-widget elementor-widget-animated-headline\" data-id=\"6e21bd6a\" data-element_type=\"widget\" data-e-type=\"widget\" data-settings=\"{&quot;headline_style&quot;:&quot;rotate&quot;,&quot;animation_type&quot;:&quot;slide&quot;,&quot;rotating_text&quot;:&quot;Nous&quot;,&quot;_animation&quot;:&quot;fadeInLeft&quot;,&quot;rotate_iteration_delay&quot;:2500}\" data-widget_type=\"animated-headline.default\">\n\t\t\t\t<div class=\"elementor-widget-container\">\n\t\t\t\t\t\t\t<h1 class=\"elementor-headline elementor-headline-animation-type-slide\">\n\t\t\t\t\t<span class=\"elementor-headline-plain-text elementor-headline-text-wrapper\">Contactez<\/span>\n\t\t\t\t<span class=\"elementor-headline-dynamic-wrapper elementor-headline-text-wrapper\">\n\t\t\t\t\t<span class=\"elementor-headline-dynamic-text elementor-headline-text-active\">\n\t\t\t\tNous\t\t\t<\/span>\n\t\t\t\t\t\t<\/span>\n\t\t\t\t<\/h1>\n\t\t\t\t\t\t<\/div>\n\t\t\t\t<\/div>\n\t\t\t\t<div class=\"elementor-element elementor-element-28519ff1 elementor-widget elementor-widget-text-editor\" data-id=\"28519ff1\" data-element_type=\"widget\" data-e-type=\"widget\" data-widget_type=\"text-editor.default\">\n\t\t\t\t<div class=\"elementor-widget-container\">\n\t\t\t\t\t\t\t\t\t<p>Vous \u00eates professionnel et souhaitez tester nos produits ?<\/p><p>Vous avez simplement des questions ou des suggestions ?<\/p><p>N\u2019h\u00e9sitez pas \u00e0 nous contacter ! Remplissez le formulaire de contact ou appelez-nous directement. Nous sommes l\u00e0 pour vous aider et r\u00e9pondre \u00e0 toutes vos demandes.<\/p>\t\t\t\t\t\t\t\t<\/div>\n\t\t\t\t<\/div>\n\t\t\t\t<div class=\"elementor-element elementor-element-40b91a6e elementor-button-align-start elementor-tablet-button-align-center elementor-widget elementor-widget-form\" data-id=\"40b91a6e\" data-element_type=\"widget\" data-e-type=\"widget\" data-settings=\"{&quot;step_next_label&quot;:&quot;Next&quot;,&quot;step_previous_label&quot;:&quot;Previous&quot;,&quot;button_width&quot;:&quot;100&quot;,&quot;step_type&quot;:&quot;number_text&quot;,&quot;step_icon_shape&quot;:&quot;circle&quot;}\" data-widget_type=\"form.default\">\n\t\t\t\t<div class=\"elementor-widget-container\">\n\t\t\t\t\t\t\t<form class=\"elementor-form\" method=\"post\" name=\"New Form\" aria-label=\"New Form\">\n\t\t\t<input type=\"hidden\" name=\"post_id\" value=\"2810\"\/>\n\t\t\t<input type=\"hidden\" name=\"form_id\" value=\"40b91a6e\"\/>\n\t\t\t<input type=\"hidden\" name=\"referer_title\" value=\"Contact - Simplante\" \/>\n\n\t\t\t\t\t\t\t<input type=\"hidden\" name=\"queried_id\" value=\"2810\"\/>\n\t\t\t\n\t\t\t<div class=\"elementor-form-fields-wrapper elementor-labels-\">\n\t\t\t\t\t\t\t\t<div class=\"elementor-field-type-text elementor-field-group elementor-column elementor-field-group-name elementor-col-100 elementor-field-required\">\n\t\t\t\t\t\t\t\t\t\t\t\t<label for=\"form-field-name\" class=\"elementor-field-label elementor-screen-only\">\n\t\t\t\t\t\t\t\tNom\t\t\t\t\t\t\t<\/label>\n\t\t\t\t\t\t\t\t\t\t\t\t\t\t<input size=\"1\" type=\"text\" name=\"form_fields[name]\" id=\"form-field-name\" class=\"elementor-field elementor-size-sm  elementor-field-textual\" placeholder=\"Nom\" required=\"required\">\n\t\t\t\t\t\t\t\t\t\t\t<\/div>\n\t\t\t\t\t\t\t\t<div class=\"elementor-field-type-text elementor-field-group elementor-column elementor-field-group-field_1b374bd elementor-col-100\">\n\t\t\t\t\t\t\t\t\t\t\t\t<label for=\"form-field-field_1b374bd\" class=\"elementor-field-label elementor-screen-only\">\n\t\t\t\t\t\t\t\tPr\u00e9nom\t\t\t\t\t\t\t<\/label>\n\t\t\t\t\t\t\t\t\t\t\t\t\t\t<input size=\"1\" type=\"text\" name=\"form_fields[field_1b374bd]\" id=\"form-field-field_1b374bd\" class=\"elementor-field elementor-size-sm  elementor-field-textual\" placeholder=\"Pr\u00e9nom\">\n\t\t\t\t\t\t\t\t\t\t\t<\/div>\n\t\t\t\t\t\t\t\t<div class=\"elementor-field-type-tel elementor-field-group elementor-column elementor-field-group-email elementor-col-100 elementor-field-required\">\n\t\t\t\t\t\t\t\t\t\t\t\t<label for=\"form-field-email\" class=\"elementor-field-label elementor-screen-only\">\n\t\t\t\t\t\t\t\tT\u00e9l\u00e9phone\t\t\t\t\t\t\t<\/label>\n\t\t\t\t\t\t\t\t<input size=\"1\" type=\"tel\" name=\"form_fields[email]\" id=\"form-field-email\" class=\"elementor-field elementor-size-sm  elementor-field-textual\" placeholder=\"T\u00e9l\u00e9phone\" required=\"required\" pattern=\"[0-9()#&amp;+*-=.]+\" title=\"Seuls les caract\u00e8res de num\u00e9ros de t\u00e9l\u00e9phone (#, -, *, etc.) sont accept\u00e9s.\">\n\n\t\t\t\t\t\t<\/div>\n\t\t\t\t\t\t\t\t<div class=\"elementor-field-type-text elementor-field-group elementor-column elementor-field-group-field_b17b517 elementor-col-100\">\n\t\t\t\t\t\t\t\t\t\t\t\t<label for=\"form-field-field_b17b517\" class=\"elementor-field-label elementor-screen-only\">\n\t\t\t\t\t\t\t\tEntreprise\t\t\t\t\t\t\t<\/label>\n\t\t\t\t\t\t\t\t\t\t\t\t\t\t<input size=\"1\" type=\"text\" name=\"form_fields[field_b17b517]\" id=\"form-field-field_b17b517\" class=\"elementor-field elementor-size-sm  elementor-field-textual\" placeholder=\"Entreprise\">\n\t\t\t\t\t\t\t\t\t\t\t<\/div>\n\t\t\t\t\t\t\t\t<div class=\"elementor-field-type-email elementor-field-group elementor-column elementor-field-group-field_8549f77 elementor-col-100\">\n\t\t\t\t\t\t\t\t\t\t\t\t<label for=\"form-field-field_8549f77\" class=\"elementor-field-label elementor-screen-only\">\n\t\t\t\t\t\t\t\tE-mail\t\t\t\t\t\t\t<\/label>\n\t\t\t\t\t\t\t\t\t\t\t\t\t\t<input size=\"1\" type=\"email\" name=\"form_fields[field_8549f77]\" id=\"form-field-field_8549f77\" class=\"elementor-field elementor-size-sm  elementor-field-textual\" placeholder=\"E-mail\">\n\t\t\t\t\t\t\t\t\t\t\t<\/div>\n\t\t\t\t\t\t\t\t<div class=\"elementor-field-type-textarea elementor-field-group elementor-column elementor-field-group-field_408b76b elementor-col-100\">\n\t\t\t\t\t\t\t\t\t\t\t\t<label for=\"form-field-field_408b76b\" class=\"elementor-field-label elementor-screen-only\">\n\t\t\t\t\t\t\t\tMessage\t\t\t\t\t\t\t<\/label>\n\t\t\t\t\t\t<textarea class=\"elementor-field-textual elementor-field  elementor-size-sm\" name=\"form_fields[field_408b76b]\" id=\"form-field-field_408b76b\" rows=\"4\" placeholder=\"Message\"><\/textarea>\t\t\t\t<\/div>\n\t\t\t\t\t\t\t\t<div class=\"elementor-field-group elementor-column elementor-field-type-submit elementor-col-100 e-form__buttons\">\n\t\t\t\t\t<button class=\"elementor-button elementor-size-xs\" type=\"submit\">\n\t\t\t\t\t\t<span class=\"elementor-button-content-wrapper\">\n\t\t\t\t\t\t\t\t\t\t\t\t\t\t\t\t\t\t\t\t\t\t<span class=\"elementor-button-text\">Envoyer<\/span>\n\t\t\t\t\t\t\t\t\t\t\t\t\t<\/span>\n\t\t\t\t\t<\/button>\n\t\t\t\t<\/div>\n\t\t\t<\/div>\n\t\t<\/form>\n\t\t\t\t\t\t<\/div>\n\t\t\t\t<\/div>\n\t\t<div class=\"elementor-element elementor-element-38fd29c3 e-con-full e-flex e-con e-child\" data-id=\"38fd29c3\" data-element_type=\"container\" data-e-type=\"container\">\n\t\t<div class=\"elementor-element elementor-element-d3e6da0 e-con-full e-flex elementor-invisible e-con e-child\" data-id=\"d3e6da0\" data-element_type=\"container\" data-e-type=\"container\" data-settings=\"{&quot;background_background&quot;:&quot;gradient&quot;,&quot;animation&quot;:&quot;slideInRight&quot;}\">\n\t\t\t\t<div class=\"elementor-element elementor-element-1192506b elementor-widget elementor-widget-heading\" data-id=\"1192506b\" data-element_type=\"widget\" data-e-type=\"widget\" data-widget_type=\"heading.default\">\n\t\t\t\t<div class=\"elementor-widget-container\">\n\t\t\t\t\t<h5 class=\"elementor-heading-title elementor-size-default\">T\u00e9l\u00e9phone<\/h5>\t\t\t\t<\/div>\n\t\t\t\t<\/div>\n\t\t\t\t<div class=\"elementor-element elementor-element-60925a01 elementor-widget-divider--view-line elementor-widget elementor-widget-divider\" data-id=\"60925a01\" data-element_type=\"widget\" data-e-type=\"widget\" data-widget_type=\"divider.default\">\n\t\t\t\t<div class=\"elementor-widget-container\">\n\t\t\t\t\t\t\t<div class=\"elementor-divider\">\n\t\t\t<span class=\"elementor-divider-separator\">\n\t\t\t\t\t\t<\/span>\n\t\t<\/div>\n\t\t\t\t\t\t<\/div>\n\t\t\t\t<\/div>\n\t\t\t\t<div class=\"elementor-element elementor-element-6c89d28c elementor-widget elementor-widget-text-editor\" data-id=\"6c89d28c\" data-element_type=\"widget\" data-e-type=\"widget\" data-widget_type=\"text-editor.default\">\n\t\t\t\t<div class=\"elementor-widget-container\">\n\t\t\t\t\t\t\t\t\t<p>07.45.15.98.55<\/p>\t\t\t\t\t\t\t\t<\/div>\n\t\t\t\t<\/div>\n\t\t\t\t<\/div>\n\t\t<div class=\"elementor-element elementor-element-981f0da e-con-full e-flex elementor-invisible e-con e-child\" data-id=\"981f0da\" data-element_type=\"container\" data-e-type=\"container\" data-settings=\"{&quot;background_background&quot;:&quot;gradient&quot;,&quot;animation&quot;:&quot;slideInRight&quot;}\">\n\t\t\t\t<div class=\"elementor-element elementor-element-efd8355 elementor-widget elementor-widget-heading\" data-id=\"efd8355\" data-element_type=\"widget\" data-e-type=\"widget\" data-widget_type=\"heading.default\">\n\t\t\t\t<div class=\"elementor-widget-container\">\n\t\t\t\t\t<h5 class=\"elementor-heading-title elementor-size-default\">E-Mail<\/h5>\t\t\t\t<\/div>\n\t\t\t\t<\/div>\n\t\t\t\t<div class=\"elementor-element elementor-element-d59132d elementor-widget-divider--view-line elementor-widget elementor-widget-divider\" data-id=\"d59132d\" data-element_type=\"widget\" data-e-type=\"widget\" data-widget_type=\"divider.default\">\n\t\t\t\t<div class=\"elementor-widget-container\">\n\t\t\t\t\t\t\t<div class=\"elementor-divider\">\n\t\t\t<span class=\"elementor-divider-separator\">\n\t\t\t\t\t\t<\/span>\n\t\t<\/div>\n\t\t\t\t\t\t<\/div>\n\t\t\t\t<\/div>\n\t\t\t\t<div class=\"elementor-element elementor-element-a774c8b elementor-widget elementor-widget-text-editor\" data-id=\"a774c8b\" data-element_type=\"widget\" data-e-type=\"widget\" data-widget_type=\"text-editor.default\">\n\t\t\t\t<div class=\"elementor-widget-container\">\n\t\t\t\t\t\t\t\t\t<p>contact@simplante.fr<\/p>\t\t\t\t\t\t\t\t<\/div>\n\t\t\t\t<\/div>\n\t\t\t\t<\/div>\n\t\t\t\t<\/div>\n\t\t\t\t<\/div>\n\t\t\t\t<\/div>\n\t\t\t\t<\/div>\n\t\t","protected":false},"excerpt":{"rendered":"<p>Contactez Nous Vous \u00eates professionnel et souhaitez tester nos produits ? Vous avez simplement des questions ou des suggestions ? N\u2019h\u00e9sitez pas \u00e0 nous contacter ! Remplissez le formulaire de contact ou appelez-nous directement. Nous sommes l\u00e0 pour vous aider et r\u00e9pondre \u00e0 toutes vos demandes. T\u00e9l\u00e9phone 07.45.15.98.55 E-Mail contact@simplante.fr<\/p>","protected":false},"author":2,"featured_media":2814,"parent":0,"menu_order":0,"comment_status":"closed","ping_status":"closed","template":"elementor_header_footer","meta":{"_acf_changed":false,"footnotes":""},"class_list":["post-2810","page","type-page","status-publish","has-post-thumbnail","hentry"],"acf":[],"yoast_head":"<!-- This site is optimized with the Yoast SEO plugin v27.2 - https:\/\/yoast.com\/product\/yoast-seo-wordpress\/ -->\n<title>Contact - Simplante<\/title>\n<meta name=\"robots\" content=\"index, follow, max-snippet:-1, max-image-preview:large, max-video-preview:-1\" \/>\n<link rel=\"canonical\" href=\"https:\/\/www.simplante.fr\/en\/contact\/\" \/>\n<meta property=\"og:locale\" content=\"en_GB\" \/>\n<meta property=\"og:type\" content=\"article\" \/>\n<meta property=\"og:title\" content=\"Contact - Simplante\" \/>\n<meta property=\"og:description\" content=\"Contactez Nous Vous \u00eates professionnel et souhaitez tester nos produits ? Vous avez simplement des questions ou des suggestions ? N\u2019h\u00e9sitez pas \u00e0 nous contacter ! Remplissez le formulaire de contact ou appelez-nous directement. Nous sommes l\u00e0 pour vous aider et r\u00e9pondre \u00e0 toutes vos demandes. T\u00e9l\u00e9phone 07.45.15.98.55 E-Mail contact@simplante.fr\" \/>\n<meta property=\"og:url\" content=\"https:\/\/www.simplante.fr\/en\/contact\/\" \/>\n<meta property=\"og:site_name\" content=\"Simplante\" \/>\n<meta property=\"article:modified_time\" content=\"2026-03-06T09:25:18+00:00\" \/>\n<meta property=\"og:image\" content=\"https:\/\/www.simplante.fr\/wp-content\/uploads\/2026\/01\/Bread-Bakery-Business-Contact-1.jpg\" \/>\n\t<meta property=\"og:image:width\" content=\"400\" \/>\n\t<meta property=\"og:image:height\" content=\"380\" \/>\n\t<meta property=\"og:image:type\" content=\"image\/jpeg\" \/>\n<meta name=\"twitter:card\" content=\"summary_large_image\" \/>\n<meta name=\"twitter:label1\" content=\"Estimated reading time\" \/>\n\t<meta name=\"twitter:data1\" content=\"1 minute\" \/>\n<script type=\"application\/ld+json\" class=\"yoast-schema-graph\">{\"@context\":\"https:\/\/schema.org\",\"@graph\":[{\"@type\":\"WebPage\",\"@id\":\"https:\/\/www.simplante.fr\/contact\/\",\"url\":\"https:\/\/www.simplante.fr\/contact\/\",\"name\":\"Contact - Simplante\",\"isPartOf\":{\"@id\":\"https:\/\/www.simplante.fr\/#website\"},\"primaryImageOfPage\":{\"@id\":\"https:\/\/www.simplante.fr\/contact\/#primaryimage\"},\"image\":{\"@id\":\"https:\/\/www.simplante.fr\/contact\/#primaryimage\"},\"thumbnailUrl\":\"https:\/\/www.simplante.fr\/wp-content\/uploads\/2026\/01\/Bread-Bakery-Business-Contact-1.jpg\",\"datePublished\":\"2026-01-30T09:09:01+00:00\",\"dateModified\":\"2026-03-06T09:25:18+00:00\",\"breadcrumb\":{\"@id\":\"https:\/\/www.simplante.fr\/contact\/#breadcrumb\"},\"inLanguage\":\"en-GB\",\"potentialAction\":[{\"@type\":\"ReadAction\",\"target\":[\"https:\/\/www.simplante.fr\/contact\/\"]}]},{\"@type\":\"ImageObject\",\"inLanguage\":\"en-GB\",\"@id\":\"https:\/\/www.simplante.fr\/contact\/#primaryimage\",\"url\":\"https:\/\/www.simplante.fr\/wp-content\/uploads\/2026\/01\/Bread-Bakery-Business-Contact-1.jpg\",\"contentUrl\":\"https:\/\/www.simplante.fr\/wp-content\/uploads\/2026\/01\/Bread-Bakery-Business-Contact-1.jpg\",\"width\":400,\"height\":380},{\"@type\":\"BreadcrumbList\",\"@id\":\"https:\/\/www.simplante.fr\/contact\/#breadcrumb\",\"itemListElement\":[{\"@type\":\"ListItem\",\"position\":1,\"name\":\"Accueil\",\"item\":\"https:\/\/www.simplante.fr\/\"},{\"@type\":\"ListItem\",\"position\":2,\"name\":\"Contact\"}]},{\"@type\":\"WebSite\",\"@id\":\"https:\/\/www.simplante.fr\/#website\",\"url\":\"https:\/\/www.simplante.fr\/\",\"name\":\"Simplante\",\"description\":\"Votre engagement pour la durabilit\u00e9\",\"publisher\":{\"@id\":\"https:\/\/www.simplante.fr\/#organization\"},\"potentialAction\":[{\"@type\":\"SearchAction\",\"target\":{\"@type\":\"EntryPoint\",\"urlTemplate\":\"https:\/\/www.simplante.fr\/?s={search_term_string}\"},\"query-input\":{\"@type\":\"PropertyValueSpecification\",\"valueRequired\":true,\"valueName\":\"search_term_string\"}}],\"inLanguage\":\"en-GB\"},{\"@type\":\"Organization\",\"@id\":\"https:\/\/www.simplante.fr\/#organization\",\"name\":\"Simplante\",\"url\":\"https:\/\/www.simplante.fr\/\",\"logo\":{\"@type\":\"ImageObject\",\"inLanguage\":\"en-GB\",\"@id\":\"https:\/\/www.simplante.fr\/#\/schema\/logo\/image\/\",\"url\":\"https:\/\/www.simplante.fr\/wp-content\/uploads\/2024\/06\/Icone-nom-vert-fonce-scaled.png\",\"contentUrl\":\"https:\/\/www.simplante.fr\/wp-content\/uploads\/2024\/06\/Icone-nom-vert-fonce-scaled.png\",\"width\":2560,\"height\":440,\"caption\":\"Simplante\"},\"image\":{\"@id\":\"https:\/\/www.simplante.fr\/#\/schema\/logo\/image\/\"}}]}<\/script>\n<!-- \/ Yoast SEO plugin. -->","yoast_head_json":{"title":"Contact - Simplante","robots":{"index":"index","follow":"follow","max-snippet":"max-snippet:-1","max-image-preview":"max-image-preview:large","max-video-preview":"max-video-preview:-1"},"canonical":"https:\/\/www.simplante.fr\/en\/contact\/","og_locale":"en_GB","og_type":"article","og_title":"Contact - Simplante","og_description":"Contactez Nous Vous \u00eates professionnel et souhaitez tester nos produits ? Vous avez simplement des questions ou des suggestions ? N\u2019h\u00e9sitez pas \u00e0 nous contacter ! Remplissez le formulaire de contact ou appelez-nous directement. Nous sommes l\u00e0 pour vous aider et r\u00e9pondre \u00e0 toutes vos demandes. T\u00e9l\u00e9phone 07.45.15.98.55 E-Mail contact@simplante.fr","og_url":"https:\/\/www.simplante.fr\/en\/contact\/","og_site_name":"Simplante","article_modified_time":"2026-03-06T09:25:18+00:00","og_image":[{"width":400,"height":380,"url":"https:\/\/www.simplante.fr\/wp-content\/uploads\/2026\/01\/Bread-Bakery-Business-Contact-1.jpg","type":"image\/jpeg"}],"twitter_card":"summary_large_image","twitter_misc":{"Estimated reading time":"1 minute"},"schema":{"@context":"https:\/\/schema.org","@graph":[{"@type":"WebPage","@id":"https:\/\/www.simplante.fr\/contact\/","url":"https:\/\/www.simplante.fr\/contact\/","name":"Contact - Simplante","isPartOf":{"@id":"https:\/\/www.simplante.fr\/#website"},"primaryImageOfPage":{"@id":"https:\/\/www.simplante.fr\/contact\/#primaryimage"},"image":{"@id":"https:\/\/www.simplante.fr\/contact\/#primaryimage"},"thumbnailUrl":"https:\/\/www.simplante.fr\/wp-content\/uploads\/2026\/01\/Bread-Bakery-Business-Contact-1.jpg","datePublished":"2026-01-30T09:09:01+00:00","dateModified":"2026-03-06T09:25:18+00:00","breadcrumb":{"@id":"https:\/\/www.simplante.fr\/contact\/#breadcrumb"},"inLanguage":"en-GB","potentialAction":[{"@type":"ReadAction","target":["https:\/\/www.simplante.fr\/contact\/"]}]},{"@type":"ImageObject","inLanguage":"en-GB","@id":"https:\/\/www.simplante.fr\/contact\/#primaryimage","url":"https:\/\/www.simplante.fr\/wp-content\/uploads\/2026\/01\/Bread-Bakery-Business-Contact-1.jpg","contentUrl":"https:\/\/www.simplante.fr\/wp-content\/uploads\/2026\/01\/Bread-Bakery-Business-Contact-1.jpg","width":400,"height":380},{"@type":"BreadcrumbList","@id":"https:\/\/www.simplante.fr\/contact\/#breadcrumb","itemListElement":[{"@type":"ListItem","position":1,"name":"Accueil","item":"https:\/\/www.simplante.fr\/"},{"@type":"ListItem","position":2,"name":"Contact"}]},{"@type":"WebSite","@id":"https:\/\/www.simplante.fr\/#website","url":"https:\/\/www.simplante.fr\/","name":"Simplante","description":"Votre engagement pour la durabilit\u00e9","publisher":{"@id":"https:\/\/www.simplante.fr\/#organization"},"potentialAction":[{"@type":"SearchAction","target":{"@type":"EntryPoint","urlTemplate":"https:\/\/www.simplante.fr\/?s={search_term_string}"},"query-input":{"@type":"PropertyValueSpecification","valueRequired":true,"valueName":"search_term_string"}}],"inLanguage":"en-GB"},{"@type":"Organization","@id":"https:\/\/www.simplante.fr\/#organization","name":"Simplante","url":"https:\/\/www.simplante.fr\/","logo":{"@type":"ImageObject","inLanguage":"en-GB","@id":"https:\/\/www.simplante.fr\/#\/schema\/logo\/image\/","url":"https:\/\/www.simplante.fr\/wp-content\/uploads\/2024\/06\/Icone-nom-vert-fonce-scaled.png","contentUrl":"https:\/\/www.simplante.fr\/wp-content\/uploads\/2024\/06\/Icone-nom-vert-fonce-scaled.png","width":2560,"height":440,"caption":"Simplante"},"image":{"@id":"https:\/\/www.simplante.fr\/#\/schema\/logo\/image\/"}}]}},"_links":{"self":[{"href":"https:\/\/www.simplante.fr\/en\/wp-json\/wp\/v2\/pages\/2810","targetHints":{"allow":["GET"]}}],"collection":[{"href":"https:\/\/www.simplante.fr\/en\/wp-json\/wp\/v2\/pages"}],"about":[{"href":"https:\/\/www.simplante.fr\/en\/wp-json\/wp\/v2\/types\/page"}],"author":[{"embeddable":true,"href":"https:\/\/www.simplante.fr\/en\/wp-json\/wp\/v2\/users\/2"}],"replies":[{"embeddable":true,"href":"https:\/\/www.simplante.fr\/en\/wp-json\/wp\/v2\/comments?post=2810"}],"version-history":[{"count":9,"href":"https:\/\/www.simplante.fr\/en\/wp-json\/wp\/v2\/pages\/2810\/revisions"}],"predecessor-version":[{"id":3367,"href":"https:\/\/www.simplante.fr\/en\/wp-json\/wp\/v2\/pages\/2810\/revisions\/3367"}],"wp:featuredmedia":[{"embeddable":true,"href":"https:\/\/www.simplante.fr\/en\/wp-json\/wp\/v2\/media\/2814"}],"wp:attachment":[{"href":"https:\/\/www.simplante.fr\/en\/wp-json\/wp\/v2\/media?parent=2810"}],"curies":[{"name":"wp","href":"https:\/\/api.w.org\/{rel}","templated":true}]}}