{"id":2596,"date":"2026-01-29T14:44:15","date_gmt":"2026-01-29T14:44:15","guid":{"rendered":"https:\/\/www.simplante.fr\/?page_id=2596"},"modified":"2026-03-04T08:56:58","modified_gmt":"2026-03-04T08:56:58","slug":"revendeur","status":"publish","type":"page","link":"https:\/\/www.simplante.fr\/en\/revendeur\/","title":{"rendered":"Our retailers"},"content":{"rendered":"<div data-elementor-type=\"wp-page\" data-elementor-id=\"2596\" class=\"elementor elementor-2596\" data-elementor-post-type=\"page\">\n\t\t\t\t<div class=\"elementor-element elementor-element-3d77c9b e-flex e-con-boxed e-con e-parent\" data-id=\"3d77c9b\" data-element_type=\"container\" data-e-type=\"container\">\n\t\t\t\t\t<div class=\"e-con-inner\">\n\t\t\t\t<div class=\"elementor-element elementor-element-b53e0b9 elementor-widget elementor-widget-spacer\" data-id=\"b53e0b9\" data-element_type=\"widget\" data-e-type=\"widget\" data-widget_type=\"spacer.default\">\n\t\t\t\t<div class=\"elementor-widget-container\">\n\t\t\t\t\t\t\t<div class=\"elementor-spacer\">\n\t\t\t<div class=\"elementor-spacer-inner\"><\/div>\n\t\t<\/div>\n\t\t\t\t\t\t<\/div>\n\t\t\t\t<\/div>\n\t\t\t\t\t<\/div>\n\t\t\t\t<\/div>\n\t\t<div class=\"elementor-element elementor-element-a7c389f e-flex e-con-boxed e-con e-parent\" data-id=\"a7c389f\" data-element_type=\"container\" data-e-type=\"container\" data-settings=\"{&quot;background_background&quot;:&quot;classic&quot;}\">\n\t\t\t\t\t<div class=\"e-con-inner\">\n\t\t\t\t<div class=\"elementor-element elementor-element-6b19ff8 elementor-widget elementor-widget-spacer\" data-id=\"6b19ff8\" data-element_type=\"widget\" data-e-type=\"widget\" data-widget_type=\"spacer.default\">\n\t\t\t\t<div class=\"elementor-widget-container\">\n\t\t\t\t\t\t\t<div class=\"elementor-spacer\">\n\t\t\t<div class=\"elementor-spacer-inner\"><\/div>\n\t\t<\/div>\n\t\t\t\t\t\t<\/div>\n\t\t\t\t<\/div>\n\t\t\t\t\t<\/div>\n\t\t\t\t<\/div>\n\t\t<div class=\"elementor-element elementor-element-733ed31 e-flex e-con-boxed e-con e-parent\" data-id=\"733ed31\" data-element_type=\"container\" data-e-type=\"container\">\n\t\t\t\t\t<div class=\"e-con-inner\">\n\t\t\t\t<div class=\"elementor-element elementor-element-c13b9c4 elementor-widget elementor-widget-heading\" data-id=\"c13b9c4\" data-element_type=\"widget\" data-e-type=\"widget\" data-widget_type=\"heading.default\">\n\t\t\t\t<div class=\"elementor-widget-container\">\n\t\t\t\t\t<h1 class=\"elementor-heading-title elementor-size-default\">Our Retailers<\/h1>\t\t\t\t<\/div>\n\t\t\t\t<\/div>\n\t\t\t\t<div class=\"elementor-element elementor-element-c35190f elementor-widget elementor-widget-heading\" data-id=\"c35190f\" data-element_type=\"widget\" data-e-type=\"widget\" data-widget_type=\"heading.default\">\n\t\t\t\t<div class=\"elementor-widget-container\">\n\t\t\t\t\t<h2 class=\"elementor-heading-title elementor-size-default\">Find a retailer near you! Browse our network of official partners to discover and purchase our products with confidence. <\/h2>\t\t\t\t<\/div>\n\t\t\t\t<\/div>\n\t\t\t\t<div class=\"elementor-element elementor-element-8ed4b32 elementor-widget elementor-widget-spacer\" data-id=\"8ed4b32\" data-element_type=\"widget\" data-e-type=\"widget\" data-widget_type=\"spacer.default\">\n\t\t\t\t<div class=\"elementor-widget-container\">\n\t\t\t\t\t\t\t<div class=\"elementor-spacer\">\n\t\t\t<div class=\"elementor-spacer-inner\"><\/div>\n\t\t<\/div>\n\t\t\t\t\t\t<\/div>\n\t\t\t\t<\/div>\n\t\t\t\t\t<\/div>\n\t\t\t\t<\/div>\n\t\t<div class=\"elementor-element elementor-element-9b2355e e-flex e-con-boxed e-con e-parent\" data-id=\"9b2355e\" data-element_type=\"container\" data-e-type=\"container\">\n\t\t\t\t\t<div class=\"e-con-inner\">\n\t\t\t\t<div class=\"elementor-element elementor-element-b99c51c elementor-cta--skin-classic elementor-animated-content elementor-bg-transform elementor-bg-transform-zoom-in elementor-widget elementor-widget-call-to-action\" data-id=\"b99c51c\" data-element_type=\"widget\" data-e-type=\"widget\" data-widget_type=\"call-to-action.default\">\n\t\t\t\t<div class=\"elementor-widget-container\">\n\t\t\t\t\t\t\t<div class=\"elementor-cta\">\n\t\t\t\t\t<div class=\"elementor-cta__bg-wrapper\">\n\t\t\t\t<div class=\"elementor-cta__bg elementor-bg\" style=\"background-image: url(https:\/\/www.simplante.fr\/wp-content\/uploads\/2026\/02\/Banniere-La-Ferme-de-Sainte-Marthe.png);\" role=\"img\" aria-label=\"la ferme de sainte marthe\"><\/div>\n\t\t\t\t<div class=\"elementor-cta__bg-overlay\"><\/div>\n\t\t\t<\/div>\n\t\t\t\t\t\t\t<div class=\"elementor-cta__content\">\n\t\t\t\t\n\t\t\t\t\t\t\t\t\t<h2 class=\"elementor-cta__title elementor-cta__content-item elementor-content-item\">\n\t\t\t\t\t\tLa Ferme de Sainte Marthe\t\t\t\t\t<\/h2>\n\t\t\t\t\n\t\t\t\t\t\t\t\t\t<div class=\"elementor-cta__description elementor-cta__content-item elementor-content-item\">\n\t\t\t\t\t\t3 Rte de la Plotini\u00e8re, 49800 Loire-Authion\t\t\t\t\t<\/div>\n\t\t\t\t\n\t\t\t\t\t\t\t\t\t<div class=\"elementor-cta__button-wrapper elementor-cta__content-item elementor-content-item\">\n\t\t\t\t\t<a class=\"elementor-cta__button elementor-button elementor-size-\" href=\"https:\/\/www.fermedesaintemarthe.com\/search?q=simplante\" rel=\"nofollow\">\n\t\t\t\t\t\tLeur site\t\t\t\t\t<\/a>\n\t\t\t\t\t<\/div>\n\t\t\t\t\t\t\t<\/div>\n\t\t\t\t\t\t<\/div>\n\t\t\t\t\t\t<\/div>\n\t\t\t\t<\/div>\n\t\t\t\t\t<\/div>\n\t\t\t\t<\/div>\n\t\t<div class=\"elementor-element elementor-element-9d39e70 e-flex e-con-boxed e-con e-parent\" data-id=\"9d39e70\" data-element_type=\"container\" data-e-type=\"container\" data-settings=\"{&quot;background_background&quot;:&quot;classic&quot;}\">\n\t\t\t\t\t<div class=\"e-con-inner\">\n\t\t\t\t<div class=\"elementor-element elementor-element-c12f3ca elementor-widget elementor-widget-spacer\" data-id=\"c12f3ca\" data-element_type=\"widget\" data-e-type=\"widget\" data-widget_type=\"spacer.default\">\n\t\t\t\t<div class=\"elementor-widget-container\">\n\t\t\t\t\t\t\t<div class=\"elementor-spacer\">\n\t\t\t<div class=\"elementor-spacer-inner\"><\/div>\n\t\t<\/div>\n\t\t\t\t\t\t<\/div>\n\t\t\t\t<\/div>\n\t\t\t\t\t<\/div>\n\t\t\t\t<\/div>\n\t\t<div class=\"elementor-element elementor-element-3d9c374 e-flex e-con-boxed e-con e-parent\" data-id=\"3d9c374\" data-element_type=\"container\" data-e-type=\"container\">\n\t\t\t\t\t<div class=\"e-con-inner\">\n\t\t\t\t<div class=\"elementor-element elementor-element-f304eae elementor-cta--skin-classic elementor-animated-content elementor-bg-transform elementor-bg-transform-zoom-in elementor-widget elementor-widget-call-to-action\" data-id=\"f304eae\" data-element_type=\"widget\" data-e-type=\"widget\" data-widget_type=\"call-to-action.default\">\n\t\t\t\t<div class=\"elementor-widget-container\">\n\t\t\t\t\t\t\t<div class=\"elementor-cta\">\n\t\t\t\t\t<div class=\"elementor-cta__bg-wrapper\">\n\t\t\t\t<div class=\"elementor-cta__bg elementor-bg\" style=\"background-image: url(https:\/\/www.simplante.fr\/wp-content\/uploads\/2026\/02\/vitrine2.jpg);\" role=\"img\" aria-label=\"vitrine2\"><\/div>\n\t\t\t\t<div class=\"elementor-cta__bg-overlay\"><\/div>\n\t\t\t<\/div>\n\t\t\t\t\t\t\t<div class=\"elementor-cta__content\">\n\t\t\t\t\n\t\t\t\t\t\t\t\t\t<h2 class=\"elementor-cta__title elementor-cta__content-item elementor-content-item\">\n\t\t\t\t\t\tArtefact zoo D\u00e9co &amp; Design\t\t\t\t\t<\/h2>\n\t\t\t\t\n\t\t\t\t\t\t\t\t\t<div class=\"elementor-cta__description elementor-cta__content-item elementor-content-item\">\n\t\t\t\t\t\t49 Rue du Mail, 49100 Angers\t\t\t\t\t<\/div>\n\t\t\t\t\n\t\t\t\t\t\t\t\t\t<div class=\"elementor-cta__button-wrapper elementor-cta__content-item elementor-content-item\">\n\t\t\t\t\t<a class=\"elementor-cta__button elementor-button elementor-size-\" href=\"https:\/\/www.instagram.com\/artefactzooangers\/\" rel=\"nofollow\">\n\t\t\t\t\t\tLeur site\t\t\t\t\t<\/a>\n\t\t\t\t\t<\/div>\n\t\t\t\t\t\t\t<\/div>\n\t\t\t\t\t\t<\/div>\n\t\t\t\t\t\t<\/div>\n\t\t\t\t<\/div>\n\t\t\t\t\t<\/div>\n\t\t\t\t<\/div>\n\t\t<div class=\"elementor-element elementor-element-X9nGcPD e-flex e-con-boxed e-con e-parent\" data-id=\"X9nGcPD\" data-element_type=\"container\" data-e-type=\"container\">\n\t\t\t\t\t<div class=\"e-con-inner\">\n\t\t<div class=\"elementor-element elementor-element-6VhOPPN e-con-full e-flex e-con e-child\" data-id=\"6VhOPPN\" data-element_type=\"container\" data-e-type=\"container\">\n\t\t<div class=\"elementor-element elementor-element-J0tkWps e-con-full e-flex e-con e-child\" data-id=\"J0tkWps\" data-element_type=\"container\" data-e-type=\"container\">\n\t\t\t\t<div class=\"elementor-element elementor-element-rvut4PH elementor-widget elementor-widget-heading\" data-id=\"rvut4PH\" data-element_type=\"widget\" data-e-type=\"widget\" data-widget_type=\"heading.default\">\n\t\t\t\t<div class=\"elementor-widget-container\">\n\t\t\t\t\t<h5 class=\"elementor-heading-title elementor-size-default\">Join us<\/h5>\t\t\t\t<\/div>\n\t\t\t\t<\/div>\n\t\t\t\t<div class=\"elementor-element elementor-element-QdPJvo7 elementor-widget elementor-widget-heading\" data-id=\"QdPJvo7\" data-element_type=\"widget\" data-e-type=\"widget\" data-widget_type=\"heading.default\">\n\t\t\t\t<div class=\"elementor-widget-container\">\n\t\t\t\t\t<h2 class=\"elementor-heading-title elementor-size-default\">Want to become a retailer?<\/h2>\t\t\t\t<\/div>\n\t\t\t\t<\/div>\n\t\t\t\t<div class=\"elementor-element elementor-element-vCl8fQK elementor-widget elementor-widget-heading\" data-id=\"vCl8fQK\" data-element_type=\"widget\" data-e-type=\"widget\" data-widget_type=\"heading.default\">\n\t\t\t\t<div class=\"elementor-widget-container\">\n\t\t\t\t\t<h5 class=\"elementor-heading-title elementor-size-default\">Are you a professional looking to distribute our products? We are actively looking for new partners! Feel free to contact us via our website or give us a call. Our team will be happy to get in touch with you!<\/h5>\t\t\t\t<\/div>\n\t\t\t\t<\/div>\n\t\t\t\t<\/div>\n\t\t<div class=\"elementor-element elementor-element-gV4KWWh e-con-full e-flex e-con e-child\" data-id=\"gV4KWWh\" data-element_type=\"container\" data-e-type=\"container\">\n\t\t\t\t<div class=\"elementor-element elementor-element-Z4OLE1y elementor-widget__width-auto elementor-align-right elementor-widget elementor-widget-button\" data-id=\"Z4OLE1y\" data-element_type=\"widget\" data-e-type=\"widget\" data-widget_type=\"button.default\">\n\t\t\t\t<div class=\"elementor-widget-container\">\n\t\t\t\t\t\t\t\t\t<div class=\"elementor-button-wrapper\">\n\t\t\t\t\t<a class=\"elementor-button elementor-button-link elementor-size-sm\" href=\"https:\/\/www.simplante.fr\/en\/contact\/\">\n\t\t\t\t\t\t<span class=\"elementor-button-content-wrapper\">\n\t\t\t\t\t\t\t\t\t<span class=\"elementor-button-text\">Contact us now <\/span>\n\t\t\t\t\t<\/span>\n\t\t\t\t\t<\/a>\n\t\t\t\t<\/div>\n\t\t\t\t\t\t\t\t<\/div>\n\t\t\t\t<\/div>\n\t\t\t\t<\/div>\n\t\t\t\t<\/div>\n\t\t\t\t\t<\/div>\n\t\t\t\t<\/div>\n\t\t\t\t<\/div>","protected":false},"excerpt":{"rendered":"<p>Nos Revendeurs Trouvez un revendeur pr\u00e8s de chez vous ! Parcourez notre r\u00e9seau de partenaires officiels pour d\u00e9couvrir et acheter nos produits en toute confiance. La Ferme de Sainte Marthe 3 Rte de la Plotini\u00e8re, 49800 Loire-Authion Leur site Artefact zoo D\u00e9co &amp; Design 49 Rue du Mail, 49100 Angers Leur site Rejoingnez-nous Envie de [&hellip;]<\/p>\n","protected":false},"author":2,"featured_media":0,"parent":0,"menu_order":0,"comment_status":"closed","ping_status":"closed","template":"","meta":{"_acf_changed":false,"footnotes":""},"class_list":["post-2596","page","type-page","status-publish","hentry"],"acf":[],"yoast_head":"<!-- This site is optimized with the Yoast SEO plugin v27.2 - https:\/\/yoast.com\/product\/yoast-seo-wordpress\/ -->\n<title>Nos revendeurs - Simplante<\/title>\n<meta name=\"description\" content=\"Si vous souhaitez acheter nos accessoires de jardinage en physique, vous pouvez nous retrouver chez nos revendeurs sur cette page !\" \/>\n<meta name=\"robots\" content=\"index, follow, max-snippet:-1, max-image-preview:large, max-video-preview:-1\" \/>\n<link rel=\"canonical\" href=\"https:\/\/www.simplante.fr\/en\/revendeur\/\" \/>\n<meta property=\"og:locale\" content=\"en_GB\" \/>\n<meta property=\"og:type\" content=\"article\" \/>\n<meta property=\"og:title\" content=\"Nos revendeurs - Simplante\" \/>\n<meta property=\"og:description\" content=\"Si vous souhaitez acheter nos accessoires de jardinage en physique, vous pouvez nous retrouver chez nos revendeurs sur cette page !\" \/>\n<meta property=\"og:url\" content=\"https:\/\/www.simplante.fr\/en\/revendeur\/\" \/>\n<meta property=\"og:site_name\" content=\"Simplante\" \/>\n<meta property=\"article:modified_time\" content=\"2026-03-04T08:56:58+00:00\" \/>\n<meta name=\"twitter:card\" content=\"summary_large_image\" \/>\n<meta name=\"twitter:label1\" content=\"Estimated reading time\" \/>\n\t<meta name=\"twitter:data1\" content=\"1 minute\" \/>\n<script type=\"application\/ld+json\" class=\"yoast-schema-graph\">{\"@context\":\"https:\/\/schema.org\",\"@graph\":[{\"@type\":\"WebPage\",\"@id\":\"https:\/\/www.simplante.fr\/revendeur\/\",\"url\":\"https:\/\/www.simplante.fr\/revendeur\/\",\"name\":\"Nos revendeurs - Simplante\",\"isPartOf\":{\"@id\":\"https:\/\/www.simplante.fr\/#website\"},\"datePublished\":\"2026-01-29T14:44:15+00:00\",\"dateModified\":\"2026-03-04T08:56:58+00:00\",\"description\":\"Si vous souhaitez acheter nos accessoires de jardinage en physique, vous pouvez nous retrouver chez nos revendeurs sur cette page !\",\"breadcrumb\":{\"@id\":\"https:\/\/www.simplante.fr\/revendeur\/#breadcrumb\"},\"inLanguage\":\"en-GB\",\"potentialAction\":[{\"@type\":\"ReadAction\",\"target\":[\"https:\/\/www.simplante.fr\/revendeur\/\"]}]},{\"@type\":\"BreadcrumbList\",\"@id\":\"https:\/\/www.simplante.fr\/revendeur\/#breadcrumb\",\"itemListElement\":[{\"@type\":\"ListItem\",\"position\":1,\"name\":\"Accueil\",\"item\":\"https:\/\/www.simplante.fr\/\"},{\"@type\":\"ListItem\",\"position\":2,\"name\":\"Nos revendeurs\"}]},{\"@type\":\"WebSite\",\"@id\":\"https:\/\/www.simplante.fr\/#website\",\"url\":\"https:\/\/www.simplante.fr\/\",\"name\":\"Simplante\",\"description\":\"Votre engagement pour la durabilit\u00e9\",\"publisher\":{\"@id\":\"https:\/\/www.simplante.fr\/#organization\"},\"potentialAction\":[{\"@type\":\"SearchAction\",\"target\":{\"@type\":\"EntryPoint\",\"urlTemplate\":\"https:\/\/www.simplante.fr\/?s={search_term_string}\"},\"query-input\":{\"@type\":\"PropertyValueSpecification\",\"valueRequired\":true,\"valueName\":\"search_term_string\"}}],\"inLanguage\":\"en-GB\"},{\"@type\":\"Organization\",\"@id\":\"https:\/\/www.simplante.fr\/#organization\",\"name\":\"Simplante\",\"url\":\"https:\/\/www.simplante.fr\/\",\"logo\":{\"@type\":\"ImageObject\",\"inLanguage\":\"en-GB\",\"@id\":\"https:\/\/www.simplante.fr\/#\/schema\/logo\/image\/\",\"url\":\"https:\/\/www.simplante.fr\/wp-content\/uploads\/2024\/06\/Icone-nom-vert-fonce-scaled.png\",\"contentUrl\":\"https:\/\/www.simplante.fr\/wp-content\/uploads\/2024\/06\/Icone-nom-vert-fonce-scaled.png\",\"width\":2560,\"height\":440,\"caption\":\"Simplante\"},\"image\":{\"@id\":\"https:\/\/www.simplante.fr\/#\/schema\/logo\/image\/\"}}]}<\/script>\n<!-- \/ Yoast SEO plugin. -->","yoast_head_json":{"title":"Nos revendeurs - Simplante","description":"Si vous souhaitez acheter nos accessoires de jardinage en physique, vous pouvez nous retrouver chez nos revendeurs sur cette page !","robots":{"index":"index","follow":"follow","max-snippet":"max-snippet:-1","max-image-preview":"max-image-preview:large","max-video-preview":"max-video-preview:-1"},"canonical":"https:\/\/www.simplante.fr\/en\/revendeur\/","og_locale":"en_GB","og_type":"article","og_title":"Nos revendeurs - Simplante","og_description":"Si vous souhaitez acheter nos accessoires de jardinage en physique, vous pouvez nous retrouver chez nos revendeurs sur cette page !","og_url":"https:\/\/www.simplante.fr\/en\/revendeur\/","og_site_name":"Simplante","article_modified_time":"2026-03-04T08:56:58+00:00","twitter_card":"summary_large_image","twitter_misc":{"Estimated reading time":"1 minute"},"schema":{"@context":"https:\/\/schema.org","@graph":[{"@type":"WebPage","@id":"https:\/\/www.simplante.fr\/revendeur\/","url":"https:\/\/www.simplante.fr\/revendeur\/","name":"Nos revendeurs - Simplante","isPartOf":{"@id":"https:\/\/www.simplante.fr\/#website"},"datePublished":"2026-01-29T14:44:15+00:00","dateModified":"2026-03-04T08:56:58+00:00","description":"Si vous souhaitez acheter nos accessoires de jardinage en physique, vous pouvez nous retrouver chez nos revendeurs sur cette page !","breadcrumb":{"@id":"https:\/\/www.simplante.fr\/revendeur\/#breadcrumb"},"inLanguage":"en-GB","potentialAction":[{"@type":"ReadAction","target":["https:\/\/www.simplante.fr\/revendeur\/"]}]},{"@type":"BreadcrumbList","@id":"https:\/\/www.simplante.fr\/revendeur\/#breadcrumb","itemListElement":[{"@type":"ListItem","position":1,"name":"Accueil","item":"https:\/\/www.simplante.fr\/"},{"@type":"ListItem","position":2,"name":"Nos revendeurs"}]},{"@type":"WebSite","@id":"https:\/\/www.simplante.fr\/#website","url":"https:\/\/www.simplante.fr\/","name":"Simplante","description":"Votre engagement pour la durabilit\u00e9","publisher":{"@id":"https:\/\/www.simplante.fr\/#organization"},"potentialAction":[{"@type":"SearchAction","target":{"@type":"EntryPoint","urlTemplate":"https:\/\/www.simplante.fr\/?s={search_term_string}"},"query-input":{"@type":"PropertyValueSpecification","valueRequired":true,"valueName":"search_term_string"}}],"inLanguage":"en-GB"},{"@type":"Organization","@id":"https:\/\/www.simplante.fr\/#organization","name":"Simplante","url":"https:\/\/www.simplante.fr\/","logo":{"@type":"ImageObject","inLanguage":"en-GB","@id":"https:\/\/www.simplante.fr\/#\/schema\/logo\/image\/","url":"https:\/\/www.simplante.fr\/wp-content\/uploads\/2024\/06\/Icone-nom-vert-fonce-scaled.png","contentUrl":"https:\/\/www.simplante.fr\/wp-content\/uploads\/2024\/06\/Icone-nom-vert-fonce-scaled.png","width":2560,"height":440,"caption":"Simplante"},"image":{"@id":"https:\/\/www.simplante.fr\/#\/schema\/logo\/image\/"}}]}},"_links":{"self":[{"href":"https:\/\/www.simplante.fr\/en\/wp-json\/wp\/v2\/pages\/2596","targetHints":{"allow":["GET"]}}],"collection":[{"href":"https:\/\/www.simplante.fr\/en\/wp-json\/wp\/v2\/pages"}],"about":[{"href":"https:\/\/www.simplante.fr\/en\/wp-json\/wp\/v2\/types\/page"}],"author":[{"embeddable":true,"href":"https:\/\/www.simplante.fr\/en\/wp-json\/wp\/v2\/users\/2"}],"replies":[{"embeddable":true,"href":"https:\/\/www.simplante.fr\/en\/wp-json\/wp\/v2\/comments?post=2596"}],"version-history":[{"count":28,"href":"https:\/\/www.simplante.fr\/en\/wp-json\/wp\/v2\/pages\/2596\/revisions"}],"predecessor-version":[{"id":3350,"href":"https:\/\/www.simplante.fr\/en\/wp-json\/wp\/v2\/pages\/2596\/revisions\/3350"}],"wp:attachment":[{"href":"https:\/\/www.simplante.fr\/en\/wp-json\/wp\/v2\/media?parent=2596"}],"curies":[{"name":"wp","href":"https:\/\/api.w.org\/{rel}","templated":true}]}}